{"id":1883,"date":"2023-12-07T14:22:35","date_gmt":"2023-12-07T14:22:35","guid":{"rendered":"https:\/\/novo.obrumsa.com\/?page_id=1883"},"modified":"2024-04-17T16:01:23","modified_gmt":"2024-04-17T16:01:23","slug":"apresentacao","status":"publish","type":"page","link":"https:\/\/obrumsa.com\/es\/obrumsa\/apresentacao\/","title":{"rendered":"Presentaci\u00f3n"},"content":{"rendered":"\t\t<div data-elementor-type=\"wp-page\" data-elementor-id=\"1883\" class=\"elementor elementor-1883\">\n\t\t\t\t\t\t<section data-section-luminosity=\"dark\" class=\"elementor-section elementor-top-section elementor-element elementor-element-36abb3e2 elementor-section-boxed elementor-section-height-default elementor-section-height-default wpr-particle-no wpr-jarallax-no wpr-parallax-no wpr-sticky-section-no\" data-id=\"36abb3e2\" data-element_type=\"section\" data-e-type=\"section\" data-settings=\"{&quot;background_background&quot;:&quot;classic&quot;}\">\n\t\t\t\t\t\t\t<div class=\"elementor-background-overlay\"><\/div>\n\t\t\t\t\t\t\t<div class=\"elementor-container elementor-column-gap-default\">\n\t\t\t\t\t<div class=\"elementor-column elementor-col-100 elementor-top-column elementor-element elementor-element-8784a98\" data-id=\"8784a98\" data-element_type=\"column\" data-e-type=\"column\">\n\t\t\t<div class=\"elementor-widget-wrap elementor-element-populated\">\n\t\t\t\t\t\t<div class=\"elementor-element elementor-element-10454a45 elementor-widget elementor-widget-hub_fancy_heading\" data-id=\"10454a45\" data-element_type=\"widget\" data-e-type=\"widget\" data-widget_type=\"hub_fancy_heading.default\">\n\t\t\t\t<div class=\"elementor-widget-container\">\n\t\t\t\t\t\n\t\t<div id=\"ld-fancy-heading-69e17296d6375\" class=\"ld-fancy-heading pos-rel\">\n\t\t\t<h1 class=\"ld-fh-element d-inline-block pos-rel  elementor-heading-title lqd-highlight-classic lqd-highlight-grow-left h4\"  > Constru\u00edmos o Futuro<\/h1>\t\t<\/div>\n\n\t\t\t\t\t\t<\/div>\n\t\t\t\t<\/div>\n\t\t\t\t\t<\/div>\n\t\t<\/div>\n\t\t\t\t\t<\/div>\n\t\t<\/section>\n\t\t\t\t<section class=\"elementor-section elementor-top-section elementor-element elementor-element-4136fe5d elementor-section-boxed elementor-section-height-default elementor-section-height-default wpr-particle-no wpr-jarallax-no wpr-parallax-no wpr-sticky-section-no\" data-id=\"4136fe5d\" data-element_type=\"section\" data-e-type=\"section\" id=\"apresentacao\" data-settings=\"{&quot;background_background&quot;:&quot;classic&quot;}\">\n\t\t\t\t\t\t<div class=\"elementor-container elementor-column-gap-default\">\n\t\t\t\t\t<div class=\"elementor-column elementor-col-50 elementor-top-column elementor-element elementor-element-7d3a535a\" data-id=\"7d3a535a\" data-element_type=\"column\" data-e-type=\"column\">\n\t\t\t<div class=\"elementor-widget-wrap elementor-element-populated\">\n\t\t\t\t\t\t<div class=\"elementor-element elementor-element-4b8f8b6c elementor-widget elementor-widget-hub_fancy_heading\" data-id=\"4b8f8b6c\" data-element_type=\"widget\" data-e-type=\"widget\" data-widget_type=\"hub_fancy_heading.default\">\n\t\t\t\t<div class=\"elementor-widget-container\">\n\t\t\t\t\t\n\t\t<div id=\"ld-fancy-heading-69e17296d6a40\" class=\"ld-fancy-heading pos-rel\">\n\t\t\t<h2 class=\"ld-fh-element d-inline-block pos-rel  elementor-heading-title lqd-highlight-classic lqd-highlight-grow-left h2\"  > Quem Somos<\/h2>\t\t<\/div>\n\n\t\t\t\t\t\t<\/div>\n\t\t\t\t<\/div>\n\t\t\t\t\t<\/div>\n\t\t<\/div>\n\t\t\t\t<div class=\"elementor-column elementor-col-50 elementor-top-column elementor-element elementor-element-1beae82c\" data-id=\"1beae82c\" data-element_type=\"column\" data-e-type=\"column\">\n\t\t\t<div class=\"elementor-widget-wrap elementor-element-populated\">\n\t\t\t\t\t\t<div class=\"elementor-element elementor-element-795d3c65 elementor-widget elementor-widget-hub_fancy_heading\" data-id=\"795d3c65\" data-element_type=\"widget\" data-e-type=\"widget\" data-widget_type=\"hub_fancy_heading.default\">\n\t\t\t\t<div class=\"elementor-widget-container\">\n\t\t\t\t\t\n\t\t<div id=\"ld-fancy-heading-69e17296d6f4a\" class=\"ld-fancy-heading pos-rel\">\n\t\t\t<p class=\"ld-fh-element d-inline-block pos-rel  lqd-highlight-classic lqd-highlight-grow-left p\"  > A Obrumsa \u00e9 uma empresa de constru\u00e7\u00e3o civil e de remodela\u00e7\u00f5es de casas e de edif\u00edcios de pequena e de m\u00e9dia dimens\u00e3o, apresentando tamb\u00e9m solu\u00e7\u00f5es chave na m\u00e3o, as quais incluem projetos de arquitetura, de engenharia e de design de interiores, quer mais modernos ou at\u00e9 os mais cl\u00e1ssicos.\n<\/p>\t\t<\/div>\n\n\t\t\t\t\t\t<\/div>\n\t\t\t\t<\/div>\n\t\t\t\t<div class=\"elementor-element elementor-element-48163f7 elementor-widget elementor-widget-hub_fancy_heading\" data-id=\"48163f7\" data-element_type=\"widget\" data-e-type=\"widget\" data-widget_type=\"hub_fancy_heading.default\">\n\t\t\t\t<div class=\"elementor-widget-container\">\n\t\t\t\t\t\n\t\t<div id=\"ld-fancy-heading-69e17296d7411\" class=\"ld-fancy-heading pos-rel\">\n\t\t\t<p class=\"ld-fh-element d-inline-block pos-rel  lqd-highlight-classic lqd-highlight-grow-left p\"  > De forma isolada ou integrada, a nossa equipa atua na \u00e1rea da constru\u00e7\u00e3o, quer seja interna quer externa, arruamentos, saneamentos e demoli\u00e7\u00f5es.<\/p>\t\t<\/div>\n\n\t\t\t\t\t\t<\/div>\n\t\t\t\t<\/div>\n\t\t\t\t\t<\/div>\n\t\t<\/div>\n\t\t\t\t\t<\/div>\n\t\t<\/section>\n\t\t\t\t<section class=\"elementor-section elementor-top-section elementor-element elementor-element-13ab9be4 elementor-section-boxed elementor-section-height-default elementor-section-height-default wpr-particle-no wpr-jarallax-no wpr-parallax-no wpr-sticky-section-no\" data-id=\"13ab9be4\" data-element_type=\"section\" data-e-type=\"section\" id=\"visao\" data-settings=\"{&quot;background_background&quot;:&quot;classic&quot;}\">\n\t\t\t\t\t\t<div class=\"elementor-container elementor-column-gap-default\">\n\t\t\t\t\t<div data-custom-animations=\"true\" data-ca-options=\"{&quot;addChildTimelines&quot;:false,&quot;trigger&quot;:&quot;firstChild&quot;,&quot;animationTarget&quot;:&quot;:scope &gt; .elementor-widget-wrap &gt; .elementor-element &gt; .elementor-widget-container, :scope &gt; .elementor-widget-wrap &gt; .elementor-section &gt; .elementor-container &gt; .elementor-column &gt; .elementor-widget-wrap &gt; .elementor-element:not(.lqd-el-has-inner-anim) &gt; .elementor-widget-container, :scope &gt; .elementor-widget-wrap &gt; .elementor-widget-hub_fancy_heading .lqd-split-lines .lqd-lines .split-inner, :scope &gt; .elementor-widget-wrap &gt; .elementor-widget-hub_fancy_heading .lqd-split-words .lqd-words .split-inner, :scope &gt; .elementor-widget-wrap &gt; .elementor-widget-hub_fancy_heading .lqd-split-chars .lqd-chars .split-inner, :scope &gt; .elementor-widget-wrap &gt; .elementor-widget-ld_custom_menu .lqd-fancy-menu &gt; ul &gt; li&quot;,&quot;duration&quot;:3000,&quot;ease&quot;:[&quot;power4.out&quot;],&quot;initValues&quot;:{&quot;opacity&quot;:0,&quot;y&quot;:150},&quot;animations&quot;:{&quot;opacity&quot;:1,&quot;y&quot;:0}}\" class=\"elementor-column elementor-col-50 elementor-top-column elementor-element elementor-element-2989e06\" data-id=\"2989e06\" data-element_type=\"column\" data-e-type=\"column\">\n\t\t\t<div class=\"elementor-widget-wrap elementor-element-populated\">\n\t\t\t\t\t\t<div class=\"elementor-element elementor-element-604db747 elementor-widget__width-initial elementor-widget elementor-widget-ld_fancy_image\" data-id=\"604db747\" data-element_type=\"widget\" data-e-type=\"widget\" data-widget_type=\"ld_fancy_image.default\">\n\t\t\t\t<div class=\"elementor-widget-container\">\n\t\t\t\t\t\n\t\t<div class=\"lqd-imggrp-single d-block pos-rel \">\n\t\t\t<div class=\"lqd-imggrp-img-container d-inline-flex pos-rel align-items-center justify-content-center \">\n\t\t\t\t\t\t\t\t<figure class=\"w-100 pos-rel\" data-reveal=\"true\" data-reveal-options=\"{&quot;direction&quot;:&quot;lr&quot;,&quot;delay&quot;:&quot;500&quot;}\">\n\t\t\t\t\t<img fetchpriority=\"high\" decoding=\"async\" width=\"1000\" height=\"1500\" src=\"https:\/\/obrumsa.com\/wp-content\/uploads\/2023\/12\/visao-da-empresa.jpg\" class=\"attachment-full size-full wp-image-1995\" alt=\"\" srcset=\"https:\/\/obrumsa.com\/wp-content\/uploads\/2023\/12\/visao-da-empresa.jpg 1000w, https:\/\/obrumsa.com\/wp-content\/uploads\/2023\/12\/visao-da-empresa-200x300.jpg 200w, https:\/\/obrumsa.com\/wp-content\/uploads\/2023\/12\/visao-da-empresa-683x1024.jpg 683w, https:\/\/obrumsa.com\/wp-content\/uploads\/2023\/12\/visao-da-empresa-8x12.jpg 8w\" sizes=\"(max-width: 1000px) 100vw, 1000px\" itemprop=\"image\" \/>\t\t\t\t\t\t\t\t\t\t\t\t\t\t\t\t\t\t\t\t\t\t\t\t\t\t\t\t\t<\/figure>\n\t\t\t<\/div>\n\t\t<\/div>\n\n\t\t\t\t\t<\/div>\n\t\t\t\t<\/div>\n\t\t\t\t\t<\/div>\n\t\t<\/div>\n\t\t\t\t<div class=\"elementor-column elementor-col-50 elementor-top-column elementor-element elementor-element-a7d33f7\" data-id=\"a7d33f7\" data-element_type=\"column\" data-e-type=\"column\">\n\t\t\t<div class=\"elementor-widget-wrap elementor-element-populated\">\n\t\t\t\t\t\t<div class=\"elementor-element elementor-element-75aaa8e4 elementor-widget elementor-widget-hub_fancy_heading\" data-id=\"75aaa8e4\" data-element_type=\"widget\" data-e-type=\"widget\" data-widget_type=\"hub_fancy_heading.default\">\n\t\t\t\t<div class=\"elementor-widget-container\">\n\t\t\t\t\t\n\t\t<div id=\"ld-fancy-heading-69e17296d88e8\" class=\"ld-fancy-heading pos-rel\">\n\t\t\t<h6 class=\"ld-fh-element d-inline-block pos-rel  elementor-heading-title lqd-highlight-classic lqd-highlight-grow-left h6\"  > \u2014 Vis\u00e3o<\/h6>\t\t<\/div>\n\n\t\t\t\t\t\t<\/div>\n\t\t\t\t<\/div>\n\t\t\t\t<div class=\"elementor-element elementor-element-6ca77331 elementor-widget elementor-widget-hub_fancy_heading\" data-id=\"6ca77331\" data-element_type=\"widget\" data-e-type=\"widget\" data-widget_type=\"hub_fancy_heading.default\">\n\t\t\t\t<div class=\"elementor-widget-container\">\n\t\t\t\t\t\n\t\t<div id=\"ld-fancy-heading-69e17296d8dbc\" class=\"ld-fancy-heading pos-rel\">\n\t\t\t<h2 class=\"ld-fh-element d-inline-block pos-rel  elementor-heading-title lqd-highlight-classic lqd-highlight-grow-left h2\"  > Ser uma refer\u00eancia no Setor<\/h2>\t\t<\/div>\n\n\t\t\t\t\t\t<\/div>\n\t\t\t\t<\/div>\n\t\t\t\t<div class=\"elementor-element elementor-element-659caa2c elementor-widget elementor-widget-hub_fancy_heading\" data-id=\"659caa2c\" data-element_type=\"widget\" data-e-type=\"widget\" data-widget_type=\"hub_fancy_heading.default\">\n\t\t\t\t<div class=\"elementor-widget-container\">\n\t\t\t\t\t\n\t\t<div id=\"ld-fancy-heading-69e17296d927a\" class=\"ld-fancy-heading pos-rel\">\n\t\t\t<p class=\"ld-fh-element d-inline-block pos-rel  lqd-highlight-classic lqd-highlight-grow-left p\"  > A nossa vis\u00e3o \u00e9 sermos uma refer\u00eancia nos setores que praticamos ao n\u00edvel internacional, alinhado com as melhores pr\u00e1ticas do mercado ao n\u00edvel de produtividade.<\/p>\t\t<\/div>\n\n\t\t\t\t\t\t<\/div>\n\t\t\t\t<\/div>\n\t\t\t\t<div class=\"elementor-element elementor-element-192a6107 elementor-widget elementor-widget-hub_fancy_heading\" data-id=\"192a6107\" data-element_type=\"widget\" data-e-type=\"widget\" data-widget_type=\"hub_fancy_heading.default\">\n\t\t\t\t<div class=\"elementor-widget-container\">\n\t\t\t\t\t\n\t\t<div id=\"ld-fancy-heading-69e17296d9719\" class=\"ld-fancy-heading pos-rel\">\n\t\t\t<p class=\"ld-fh-element d-inline-block pos-rel  lqd-highlight-classic lqd-highlight-grow-left p\"  > Inova\u00e7\u00e3o, identidade forte e reconhecimento nas compet\u00eancias t\u00e9cnicas atrav\u00e9s de uma presta\u00e7\u00e3o de servi\u00e7os de excel\u00eancia aos nossos clientes e \u00e0 comunidade.<\/p>\t\t<\/div>\n\n\t\t\t\t\t\t<\/div>\n\t\t\t\t<\/div>\n\t\t\t\t\t<\/div>\n\t\t<\/div>\n\t\t\t\t\t<\/div>\n\t\t<\/section>\n\t\t\t\t<section class=\"elementor-section elementor-top-section elementor-element elementor-element-de1e473 elementor-section-boxed elementor-section-height-default elementor-section-height-default wpr-particle-no wpr-jarallax-no wpr-parallax-no wpr-sticky-section-no\" data-id=\"de1e473\" data-element_type=\"section\" data-e-type=\"section\" id=\"missao\" data-settings=\"{&quot;background_background&quot;:&quot;classic&quot;}\">\n\t\t\t\t\t\t<div class=\"elementor-container elementor-column-gap-default\">\n\t\t\t\t\t<div class=\"elementor-column elementor-col-50 elementor-top-column elementor-element elementor-element-5d7f6d2\" data-id=\"5d7f6d2\" data-element_type=\"column\" data-e-type=\"column\">\n\t\t\t<div class=\"elementor-widget-wrap elementor-element-populated\">\n\t\t\t\t\t\t<div class=\"elementor-element elementor-element-7837537 elementor-widget elementor-widget-hub_fancy_heading\" data-id=\"7837537\" data-element_type=\"widget\" data-e-type=\"widget\" data-widget_type=\"hub_fancy_heading.default\">\n\t\t\t\t<div class=\"elementor-widget-container\">\n\t\t\t\t\t\n\t\t<div id=\"ld-fancy-heading-69e17296d9bb7\" class=\"ld-fancy-heading pos-rel\">\n\t\t\t<h6 class=\"ld-fh-element d-inline-block pos-rel  elementor-heading-title lqd-highlight-classic lqd-highlight-grow-left h6\"  > \u2014 Miss\u00e3o<\/h6>\t\t<\/div>\n\n\t\t\t\t\t\t<\/div>\n\t\t\t\t<\/div>\n\t\t\t\t<div class=\"elementor-element elementor-element-1cab067 elementor-widget elementor-widget-hub_fancy_heading\" data-id=\"1cab067\" data-element_type=\"widget\" data-e-type=\"widget\" data-widget_type=\"hub_fancy_heading.default\">\n\t\t\t\t<div class=\"elementor-widget-container\">\n\t\t\t\t\t\n\t\t<div id=\"ld-fancy-heading-69e17296da07d\" class=\"ld-fancy-heading pos-rel\">\n\t\t\t<h2 class=\"ld-fh-element d-inline-block pos-rel  elementor-heading-title lqd-highlight-classic lqd-highlight-grow-left h2\"  > Criar Confian\u00e7a <\/h2>\t\t<\/div>\n\n\t\t\t\t\t\t<\/div>\n\t\t\t\t<\/div>\n\t\t\t\t<div class=\"elementor-element elementor-element-8c411bd elementor-widget elementor-widget-hub_fancy_heading\" data-id=\"8c411bd\" data-element_type=\"widget\" data-e-type=\"widget\" data-widget_type=\"hub_fancy_heading.default\">\n\t\t\t\t<div class=\"elementor-widget-container\">\n\t\t\t\t\t\n\t\t<div id=\"ld-fancy-heading-69e17296da517\" class=\"ld-fancy-heading pos-rel\">\n\t\t\t<p class=\"ld-fh-element d-inline-block pos-rel  lqd-highlight-classic lqd-highlight-grow-left p\"  > Geral valor para os nossos clientes, parceiros, colaboradores e acionistas.<\/p>\t\t<\/div>\n\n\t\t\t\t\t\t<\/div>\n\t\t\t\t<\/div>\n\t\t\t\t<div class=\"elementor-element elementor-element-58d6dd9 elementor-widget elementor-widget-hub_fancy_heading\" data-id=\"58d6dd9\" data-element_type=\"widget\" data-e-type=\"widget\" data-widget_type=\"hub_fancy_heading.default\">\n\t\t\t\t<div class=\"elementor-widget-container\">\n\t\t\t\t\t\n\t\t<div id=\"ld-fancy-heading-69e17296da9d3\" class=\"ld-fancy-heading pos-rel\">\n\t\t\t<p class=\"ld-fh-element d-inline-block pos-rel  lqd-highlight-classic lqd-highlight-grow-left p\"  > Fortalecer o sector da constru\u00e7\u00e3o em todas as \u00e1reas geografias onde atua, acrescentando compet\u00eancia ao sector atrav\u00e9s do saber fazer com inova\u00e7\u00e3o e resili\u00eancia, rigor e t\u00e9cnica exemplar na execu\u00e7\u00e3o dos projetos gerando valor para os nossos clientes, colaboradores, parceiros e s\u00f3cios.<\/p>\t\t<\/div>\n\n\t\t\t\t\t\t<\/div>\n\t\t\t\t<\/div>\n\t\t\t\t\t<\/div>\n\t\t<\/div>\n\t\t\t\t<div data-custom-animations=\"true\" data-ca-options=\"{&quot;addChildTimelines&quot;:false,&quot;trigger&quot;:&quot;firstChild&quot;,&quot;animationTarget&quot;:&quot;:scope &gt; .elementor-widget-wrap &gt; .elementor-element &gt; .elementor-widget-container, :scope &gt; .elementor-widget-wrap &gt; .elementor-section &gt; .elementor-container &gt; .elementor-column &gt; .elementor-widget-wrap &gt; .elementor-element:not(.lqd-el-has-inner-anim) &gt; .elementor-widget-container, :scope &gt; .elementor-widget-wrap &gt; .elementor-widget-hub_fancy_heading .lqd-split-lines .lqd-lines .split-inner, :scope &gt; .elementor-widget-wrap &gt; .elementor-widget-hub_fancy_heading .lqd-split-words .lqd-words .split-inner, :scope &gt; .elementor-widget-wrap &gt; .elementor-widget-hub_fancy_heading .lqd-split-chars .lqd-chars .split-inner, :scope &gt; .elementor-widget-wrap &gt; .elementor-widget-ld_custom_menu .lqd-fancy-menu &gt; ul &gt; li&quot;,&quot;duration&quot;:3000,&quot;ease&quot;:[&quot;power4.out&quot;],&quot;initValues&quot;:{&quot;opacity&quot;:0,&quot;y&quot;:150},&quot;animations&quot;:{&quot;opacity&quot;:1,&quot;y&quot;:0}}\" class=\"elementor-column elementor-col-50 elementor-top-column elementor-element elementor-element-50abef9\" data-id=\"50abef9\" data-element_type=\"column\" data-e-type=\"column\">\n\t\t\t<div class=\"elementor-widget-wrap elementor-element-populated\">\n\t\t\t\t\t\t<div class=\"elementor-element elementor-element-9b4efa2 elementor-widget__width-initial elementor-widget elementor-widget-ld_fancy_image\" data-id=\"9b4efa2\" data-element_type=\"widget\" data-e-type=\"widget\" data-widget_type=\"ld_fancy_image.default\">\n\t\t\t\t<div class=\"elementor-widget-container\">\n\t\t\t\t\t\n\t\t<div class=\"lqd-imggrp-single d-block pos-rel \">\n\t\t\t<div class=\"lqd-imggrp-img-container d-inline-flex pos-rel align-items-center justify-content-center \">\n\t\t\t\t\t\t\t\t<figure class=\"w-100 pos-rel\">\n\t\t\t\t\t<img decoding=\"async\" width=\"1069\" height=\"1500\" src=\"data:image\/svg+xml;charset=utf-8,%3Csvg xmlns%3D&#039;http%3A%2F%2Fwww.w3.org%2F2000%2Fsvg&#039; viewBox%3D&#039;0 0 1069 1500&#039;%2F%3E\" class=\"attachment-full size-full wp-image-2423 ld-lazyload\" alt=\"\" itemprop=\"image\" data-src=\"https:\/\/obrumsa.com\/wp-content\/uploads\/2024\/01\/missao.jpg\" data-srcset=\"https:\/\/obrumsa.com\/wp-content\/uploads\/2024\/01\/missao.jpg 1069w, https:\/\/obrumsa.com\/wp-content\/uploads\/2024\/01\/missao-214x300.jpg 214w, https:\/\/obrumsa.com\/wp-content\/uploads\/2024\/01\/missao-730x1024.jpg 730w, https:\/\/obrumsa.com\/wp-content\/uploads\/2024\/01\/missao-9x12.jpg 9w\" data-sizes=\"(max-width: 1069px) 100vw, 1069px\" data-aspect=\"0.71266666666667\" \/>\t\t\t\t\t\t\t\t\t\t\t\t\t\t\t\t\t\t\t\t\t\t\t\t\t\t\t\t\t<\/figure>\n\t\t\t<\/div>\n\t\t<\/div>\n\n\t\t\t\t\t<\/div>\n\t\t\t\t<\/div>\n\t\t\t\t\t<\/div>\n\t\t<\/div>\n\t\t\t\t\t<\/div>\n\t\t<\/section>\n\t\t\t\t<section class=\"elementor-section elementor-top-section elementor-element elementor-element-7f8fb4c elementor-section-boxed elementor-section-height-default elementor-section-height-default wpr-particle-no wpr-jarallax-no wpr-parallax-no wpr-sticky-section-no\" data-id=\"7f8fb4c\" data-element_type=\"section\" data-e-type=\"section\" id=\"valores\" data-settings=\"{&quot;background_background&quot;:&quot;classic&quot;}\">\n\t\t\t\t\t\t<div class=\"elementor-container elementor-column-gap-default\">\n\t\t\t\t\t<div data-custom-animations=\"true\" data-ca-options=\"{&quot;addChildTimelines&quot;:false,&quot;trigger&quot;:&quot;firstChild&quot;,&quot;animationTarget&quot;:&quot;:scope &gt; .elementor-widget-wrap &gt; .elementor-element &gt; .elementor-widget-container, :scope &gt; .elementor-widget-wrap &gt; .elementor-section &gt; .elementor-container &gt; .elementor-column &gt; .elementor-widget-wrap &gt; .elementor-element:not(.lqd-el-has-inner-anim) &gt; .elementor-widget-container, :scope &gt; .elementor-widget-wrap &gt; .elementor-widget-hub_fancy_heading .lqd-split-lines .lqd-lines .split-inner, :scope &gt; .elementor-widget-wrap &gt; .elementor-widget-hub_fancy_heading .lqd-split-words .lqd-words .split-inner, :scope &gt; .elementor-widget-wrap &gt; .elementor-widget-hub_fancy_heading .lqd-split-chars .lqd-chars .split-inner, :scope &gt; .elementor-widget-wrap &gt; .elementor-widget-ld_custom_menu .lqd-fancy-menu &gt; ul &gt; li&quot;,&quot;duration&quot;:3000,&quot;ease&quot;:[&quot;power4.out&quot;],&quot;initValues&quot;:{&quot;opacity&quot;:0,&quot;y&quot;:150},&quot;animations&quot;:{&quot;opacity&quot;:1,&quot;y&quot;:0}}\" class=\"elementor-column elementor-col-50 elementor-top-column elementor-element elementor-element-cc5e753\" data-id=\"cc5e753\" data-element_type=\"column\" data-e-type=\"column\">\n\t\t\t<div class=\"elementor-widget-wrap elementor-element-populated\">\n\t\t\t\t\t\t<div class=\"elementor-element elementor-element-ebfd68b elementor-widget__width-initial elementor-widget elementor-widget-ld_fancy_image\" data-id=\"ebfd68b\" data-element_type=\"widget\" data-e-type=\"widget\" data-widget_type=\"ld_fancy_image.default\">\n\t\t\t\t<div class=\"elementor-widget-container\">\n\t\t\t\t\t\n\t\t<div class=\"lqd-imggrp-single d-block pos-rel \">\n\t\t\t<div class=\"lqd-imggrp-img-container d-inline-flex pos-rel align-items-center justify-content-center \">\n\t\t\t\t\t\t\t\t<figure class=\"w-100 pos-rel\">\n\t\t\t\t\t<img decoding=\"async\" width=\"1174\" height=\"1500\" src=\"data:image\/svg+xml;charset=utf-8,%3Csvg xmlns%3D&#039;http%3A%2F%2Fwww.w3.org%2F2000%2Fsvg&#039; viewBox%3D&#039;0 0 1174 1500&#039;%2F%3E\" class=\"attachment-full size-full wp-image-2424 ld-lazyload\" alt=\"\" itemprop=\"image\" data-src=\"https:\/\/obrumsa.com\/wp-content\/uploads\/2024\/01\/valores.jpg\" data-srcset=\"https:\/\/obrumsa.com\/wp-content\/uploads\/2024\/01\/valores.jpg 1174w, https:\/\/obrumsa.com\/wp-content\/uploads\/2024\/01\/valores-235x300.jpg 235w, https:\/\/obrumsa.com\/wp-content\/uploads\/2024\/01\/valores-801x1024.jpg 801w, https:\/\/obrumsa.com\/wp-content\/uploads\/2024\/01\/valores-9x12.jpg 9w\" data-sizes=\"(max-width: 1174px) 100vw, 1174px\" data-aspect=\"0.78266666666667\" \/>\t\t\t\t\t\t\t\t\t\t\t\t\t\t\t\t\t\t\t\t\t\t\t\t\t\t\t\t\t<\/figure>\n\t\t\t<\/div>\n\t\t<\/div>\n\n\t\t\t\t\t<\/div>\n\t\t\t\t<\/div>\n\t\t\t\t\t<\/div>\n\t\t<\/div>\n\t\t\t\t<div class=\"elementor-column elementor-col-50 elementor-top-column elementor-element elementor-element-7674b6a\" data-id=\"7674b6a\" data-element_type=\"column\" data-e-type=\"column\">\n\t\t\t<div class=\"elementor-widget-wrap elementor-element-populated\">\n\t\t\t\t\t\t<div class=\"elementor-element elementor-element-e87f3ce elementor-widget elementor-widget-hub_fancy_heading\" data-id=\"e87f3ce\" data-element_type=\"widget\" data-e-type=\"widget\" data-widget_type=\"hub_fancy_heading.default\">\n\t\t\t\t<div class=\"elementor-widget-container\">\n\t\t\t\t\t\n\t\t<div id=\"ld-fancy-heading-69e17296ea01e\" class=\"ld-fancy-heading pos-rel\">\n\t\t\t<h6 class=\"ld-fh-element d-inline-block pos-rel  elementor-heading-title lqd-highlight-classic lqd-highlight-grow-left h6\"  > \u2014 Valores<\/h6>\t\t<\/div>\n\n\t\t\t\t\t\t<\/div>\n\t\t\t\t<\/div>\n\t\t\t\t<div class=\"elementor-element elementor-element-6ef9abe elementor-widget elementor-widget-hub_fancy_heading\" data-id=\"6ef9abe\" data-element_type=\"widget\" data-e-type=\"widget\" data-widget_type=\"hub_fancy_heading.default\">\n\t\t\t\t<div class=\"elementor-widget-container\">\n\t\t\t\t\t\n\t\t<div id=\"ld-fancy-heading-69e17296ea778\" class=\"ld-fancy-heading pos-rel\">\n\t\t\t<h2 class=\"ld-fh-element d-inline-block pos-rel  elementor-heading-title lqd-highlight-classic lqd-highlight-grow-left h2\"  > Gerar Rela\u00e7\u00f5es<\/h2>\t\t<\/div>\n\n\t\t\t\t\t\t<\/div>\n\t\t\t\t<\/div>\n\t\t\t\t<div class=\"elementor-element elementor-element-11c4372 elementor-widget elementor-widget-hub_fancy_heading\" data-id=\"11c4372\" data-element_type=\"widget\" data-e-type=\"widget\" data-widget_type=\"hub_fancy_heading.default\">\n\t\t\t\t<div class=\"elementor-widget-container\">\n\t\t\t\t\t\n\t\t<div id=\"ld-fancy-heading-69e17296eace6\" class=\"ld-fancy-heading pos-rel\">\n\t\t\t<p class=\"ld-fh-element d-inline-block pos-rel  lqd-highlight-classic lqd-highlight-grow-left p\"  > Estabelecer verdadeiras rela\u00e7\u00f5es de parceria, estudando analisando e discutindo os diversos problemas, implementando as melhores solu\u00e7\u00f5es e indo de encontro \u00e0s necessidades e expectativas dos nossos Clientes.<\/p>\t\t<\/div>\n\n\t\t\t\t\t\t<\/div>\n\t\t\t\t<\/div>\n\t\t\t\t<div class=\"elementor-element elementor-element-ea037d2 elementor-widget elementor-widget-hub_fancy_heading\" data-id=\"ea037d2\" data-element_type=\"widget\" data-e-type=\"widget\" data-widget_type=\"hub_fancy_heading.default\">\n\t\t\t\t<div class=\"elementor-widget-container\">\n\t\t\t\t\t\n\t\t<div id=\"ld-fancy-heading-69e17296eb1db\" class=\"ld-fancy-heading pos-rel\">\n\t\t\t<p class=\"ld-fh-element d-inline-block pos-rel  lqd-highlight-classic lqd-highlight-grow-left p\"  > Crescer de forma s\u00f3lida, rigorosa, eficiente e sustentada respeitando sempre o meio ambiente.<\/p>\t\t<\/div>\n\n\t\t\t\t\t\t<\/div>\n\t\t\t\t<\/div>\n\t\t\t\t\t<\/div>\n\t\t<\/div>\n\t\t\t\t\t<\/div>\n\t\t<\/section>\n\t\t\t\t<\/div>\n\t\t","protected":false},"excerpt":{"rendered":"<p>Constru\u00edmos o Futuro Quem Somos A Obrumsa \u00e9 uma empresa de constru\u00e7\u00e3o civil e de remodela\u00e7\u00f5es de casas e de edif\u00edcios de pequena e de m\u00e9dia dimens\u00e3o, apresentando tamb\u00e9m solu\u00e7\u00f5es chave na m\u00e3o, as quais incluem projetos de arquitetura, de engenharia e de design de interiores, quer mais modernos ou at\u00e9 os mais cl\u00e1ssicos. De forma isolada ou integrada, a nossa equipa atua na \u00e1rea da constru\u00e7\u00e3o, quer seja interna quer externa, arruamentos, saneamentos e demoli\u00e7\u00f5es. \u2014 Vis\u00e3o Ser uma refer\u00eancia no Setor A nossa vis\u00e3o \u00e9 sermos uma refer\u00eancia nos setores que praticamos ao n\u00edvel internacional, alinhado com as melhores pr\u00e1ticas do mercado ao n\u00edvel de produtividade. Inova\u00e7\u00e3o, identidade forte e reconhecimento nas compet\u00eancias t\u00e9cnicas atrav\u00e9s de uma presta\u00e7\u00e3o de servi\u00e7os de excel\u00eancia aos nossos clientes e \u00e0 comunidade. \u2014 Miss\u00e3o Criar Confian\u00e7a Geral valor para os nossos clientes, parceiros, colaboradores e acionistas. Fortalecer o sector da constru\u00e7\u00e3o em todas as \u00e1reas geografias onde atua, acrescentando compet\u00eancia ao sector atrav\u00e9s do saber fazer com inova\u00e7\u00e3o e resili\u00eancia, rigor e t\u00e9cnica exemplar na execu\u00e7\u00e3o dos projetos gerando valor para os nossos clientes, colaboradores, parceiros e s\u00f3cios. \u2014 Valores Gerar Rela\u00e7\u00f5es Estabelecer verdadeiras rela\u00e7\u00f5es de parceria, estudando analisando e discutindo os diversos problemas, implementando as melhores solu\u00e7\u00f5es e indo de encontro \u00e0s necessidades e expectativas dos nossos Clientes. Crescer de forma s\u00f3lida, rigorosa, eficiente e sustentada respeitando sempre o meio ambiente.<\/p>","protected":false},"author":1,"featured_media":0,"parent":375,"menu_order":0,"comment_status":"closed","ping_status":"closed","template":"","meta":{"footnotes":""},"class_list":["post-1883","page","type-page","status-publish","hentry"],"aioseo_notices":[],"_links":{"self":[{"href":"https:\/\/obrumsa.com\/es\/wp-json\/wp\/v2\/pages\/1883","targetHints":{"allow":["GET"]}}],"collection":[{"href":"https:\/\/obrumsa.com\/es\/wp-json\/wp\/v2\/pages"}],"about":[{"href":"https:\/\/obrumsa.com\/es\/wp-json\/wp\/v2\/types\/page"}],"author":[{"embeddable":true,"href":"https:\/\/obrumsa.com\/es\/wp-json\/wp\/v2\/users\/1"}],"replies":[{"embeddable":true,"href":"https:\/\/obrumsa.com\/es\/wp-json\/wp\/v2\/comments?post=1883"}],"version-history":[{"count":67,"href":"https:\/\/obrumsa.com\/es\/wp-json\/wp\/v2\/pages\/1883\/revisions"}],"predecessor-version":[{"id":2987,"href":"https:\/\/obrumsa.com\/es\/wp-json\/wp\/v2\/pages\/1883\/revisions\/2987"}],"up":[{"embeddable":true,"href":"https:\/\/obrumsa.com\/es\/wp-json\/wp\/v2\/pages\/375"}],"wp:attachment":[{"href":"https:\/\/obrumsa.com\/es\/wp-json\/wp\/v2\/media?parent=1883"}],"curies":[{"name":"wp","href":"https:\/\/api.w.org\/{rel}","templated":true}]}}