{"id":1893,"date":"2023-12-07T14:25:45","date_gmt":"2023-12-07T14:25:45","guid":{"rendered":"https:\/\/novo.obrumsa.com\/?page_id=1893"},"modified":"2024-04-17T16:04:44","modified_gmt":"2024-04-17T16:04:44","slug":"carreiras","status":"publish","type":"page","link":"https:\/\/obrumsa.com\/es\/obrumsa\/carreiras\/","title":{"rendered":"Carreras Profesionales"},"content":{"rendered":"\t\t<div data-elementor-type=\"wp-page\" data-elementor-id=\"1893\" class=\"elementor elementor-1893\">\n\t\t\t\t\t\t<section data-section-luminosity=\"dark\" class=\"elementor-section elementor-top-section elementor-element elementor-element-ecc9816 elementor-section-boxed elementor-section-height-default elementor-section-height-default wpr-particle-no wpr-jarallax-no wpr-parallax-no wpr-sticky-section-no\" data-id=\"ecc9816\" data-element_type=\"section\" data-e-type=\"section\" data-settings=\"{&quot;background_background&quot;:&quot;classic&quot;}\">\n\t\t\t\t\t\t\t<div class=\"elementor-background-overlay\"><\/div>\n\t\t\t\t\t\t\t<div class=\"elementor-container elementor-column-gap-default\">\n\t\t\t\t\t<div class=\"elementor-column elementor-col-100 elementor-top-column elementor-element elementor-element-cb5f3b5\" data-id=\"cb5f3b5\" data-element_type=\"column\" data-e-type=\"column\">\n\t\t\t<div class=\"elementor-widget-wrap elementor-element-populated\">\n\t\t\t\t\t\t<div class=\"elementor-element elementor-element-177b07c elementor-widget elementor-widget-hub_fancy_heading\" data-id=\"177b07c\" data-element_type=\"widget\" data-e-type=\"widget\" data-widget_type=\"hub_fancy_heading.default\">\n\t\t\t\t<div class=\"elementor-widget-container\">\n\t\t\t\t\t\n\t\t<div id=\"ld-fancy-heading-69e17296d9bc7\" class=\"ld-fancy-heading pos-rel\">\n\t\t\t<h1 class=\"ld-fh-element d-inline-block pos-rel  elementor-heading-title lqd-highlight-classic lqd-highlight-grow-left h4\"  > Carreiras<\/h1>\t\t<\/div>\n\n\t\t\t\t\t\t<\/div>\n\t\t\t\t<\/div>\n\t\t\t\t\t<\/div>\n\t\t<\/div>\n\t\t\t\t\t<\/div>\n\t\t<\/section>\n\t\t\t\t<section class=\"elementor-section elementor-top-section elementor-element elementor-element-44d2bd2 elementor-section-boxed elementor-section-height-default elementor-section-height-default wpr-particle-no wpr-jarallax-no wpr-parallax-no wpr-sticky-section-no\" data-id=\"44d2bd2\" data-element_type=\"section\" data-e-type=\"section\" data-settings=\"{&quot;background_background&quot;:&quot;classic&quot;}\">\n\t\t\t\t\t\t<div class=\"elementor-container elementor-column-gap-default\">\n\t\t\t\t\t<div data-custom-animations=\"true\" data-ca-options=\"{&quot;addChildTimelines&quot;:false,&quot;trigger&quot;:&quot;firstChild&quot;,&quot;animationTarget&quot;:&quot;:scope &gt; .elementor-widget-wrap &gt; .elementor-element &gt; .elementor-widget-container, :scope &gt; .elementor-widget-wrap &gt; .elementor-section &gt; .elementor-container &gt; .elementor-column &gt; .elementor-widget-wrap &gt; .elementor-element:not(.lqd-el-has-inner-anim) &gt; .elementor-widget-container, :scope &gt; .elementor-widget-wrap &gt; .elementor-widget-hub_fancy_heading .lqd-split-lines .lqd-lines .split-inner, :scope &gt; .elementor-widget-wrap &gt; .elementor-widget-hub_fancy_heading .lqd-split-words .lqd-words .split-inner, :scope &gt; .elementor-widget-wrap &gt; .elementor-widget-hub_fancy_heading .lqd-split-chars .lqd-chars .split-inner, :scope &gt; .elementor-widget-wrap &gt; .elementor-widget-ld_custom_menu .lqd-fancy-menu &gt; ul &gt; li&quot;,&quot;duration&quot;:3000,&quot;ease&quot;:[&quot;power4.out&quot;],&quot;initValues&quot;:{&quot;opacity&quot;:0,&quot;y&quot;:150},&quot;animations&quot;:{&quot;opacity&quot;:1,&quot;y&quot;:0}}\" class=\"elementor-column elementor-col-50 elementor-top-column elementor-element elementor-element-12cc1b6\" data-id=\"12cc1b6\" data-element_type=\"column\" data-e-type=\"column\">\n\t\t\t<div class=\"elementor-widget-wrap elementor-element-populated\">\n\t\t\t\t\t\t<div class=\"elementor-element elementor-element-2dc846f elementor-widget__width-initial elementor-widget elementor-widget-ld_fancy_image\" data-id=\"2dc846f\" data-element_type=\"widget\" data-e-type=\"widget\" data-widget_type=\"ld_fancy_image.default\">\n\t\t\t\t<div class=\"elementor-widget-container\">\n\t\t\t\t\t\n\t\t<div class=\"lqd-imggrp-single d-block pos-rel perspective\" data-hover3d=\"true\">\n\t\t\t<div class=\"lqd-imggrp-img-container d-inline-flex pos-rel align-items-center justify-content-center transform-style-3d\">\n\t\t\t\t\t\t\t\t<figure class=\"w-100 pos-rel\" data-stacking-factor=\"1\">\n\t\t\t\t\t<img fetchpriority=\"high\" decoding=\"async\" width=\"757\" height=\"1024\" src=\"https:\/\/obrumsa.com\/wp-content\/uploads\/2023\/12\/carreiras.png\" class=\"attachment-full size-full wp-image-2090\" alt=\"\" srcset=\"https:\/\/obrumsa.com\/wp-content\/uploads\/2023\/12\/carreiras.png 757w, https:\/\/obrumsa.com\/wp-content\/uploads\/2023\/12\/carreiras-222x300.png 222w, https:\/\/obrumsa.com\/wp-content\/uploads\/2023\/12\/carreiras-9x12.png 9w\" sizes=\"(max-width: 757px) 100vw, 757px\" itemprop=\"image\" \/>\t\t\t\t\t\t\t\t\t\t\t\t\t\t\t\t\t\t\t\t\t\t\t\t\t\t\t\t\t<\/figure>\n\t\t\t<\/div>\n\t\t<\/div>\n\n\t\t\t\t\t<\/div>\n\t\t\t\t<\/div>\n\t\t\t\t\t<\/div>\n\t\t<\/div>\n\t\t\t\t<div class=\"elementor-column elementor-col-50 elementor-top-column elementor-element elementor-element-b9b7590\" data-id=\"b9b7590\" data-element_type=\"column\" data-e-type=\"column\">\n\t\t\t<div class=\"elementor-widget-wrap elementor-element-populated\">\n\t\t\t\t\t\t<div class=\"elementor-element elementor-element-c529d4a elementor-widget elementor-widget-hub_fancy_heading\" data-id=\"c529d4a\" data-element_type=\"widget\" data-e-type=\"widget\" data-widget_type=\"hub_fancy_heading.default\">\n\t\t\t\t<div class=\"elementor-widget-container\">\n\t\t\t\t\t\n\t\t<div id=\"ld-fancy-heading-69e17296db9d4\" class=\"ld-fancy-heading pos-rel\">\n\t\t\t<h6 class=\"ld-fh-element d-inline-block pos-rel  elementor-heading-title lqd-highlight-classic lqd-highlight-grow-left h6\"  > \u2014 Faz uma candidatura expont\u00e2nea\n<\/h6>\t\t<\/div>\n\n\t\t\t\t\t\t<\/div>\n\t\t\t\t<\/div>\n\t\t\t\t<div class=\"elementor-element elementor-element-e047b3c ekit-fluent-form-widget-step-header-yes ekit-fluent-form-widget-step-progressbar-yes fluentform-widget-submit-button-custom elementor-widget elementor-widget-elementskit-fluent-forms\" data-id=\"e047b3c\" data-element_type=\"widget\" data-e-type=\"widget\" data-widget_type=\"elementskit-fluent-forms.default\">\n\t\t\t\t<div class=\"elementor-widget-container\">\n\t\t\t\t\t<div class=\"ekit-wid-con\">\n            <div class=\"fluentform-widget-wrapper fluentform-widget-align-default\">\n\n                \n                <div class='fluentform ff-default fluentform_wrapper_3 ffs_default_wrap'><form data-form_id=\"3\" id=\"fluentform_3\" class=\"frm-fluent-form fluent_form_3 ff-el-form-top ff_form_instance_3_1 ff-form-loading ffs_default\" data-form_instance=\"ff_form_instance_3_1\" method=\"POST\" ><fieldset  style=\"border: none!important;margin: 0!important;padding: 0!important;background-color: transparent!important;box-shadow: none!important;outline: none!important; min-inline-size: 100%;\">\n                    <legend class=\"ff_screen_reader_title\" style=\"display: block; margin: 0!important;padding: 0!important;height: 0!important;text-indent: -999999px;width: 0!important;overflow:hidden;\">Formul\u00e1rio de Carreira<\/legend><input type='hidden' name='__fluent_form_embded_post_id' value='1893' \/><input type=\"hidden\" id=\"_fluentform_3_fluentformnonce\" name=\"_fluentform_3_fluentformnonce\" value=\"45b87d629b\" \/><input type=\"hidden\" name=\"_wp_http_referer\" value=\"\/es\/obrumsa\/carreiras\/\" \/><div data-name=\"ff_cn_id_1\"  class='ff-t-container ff-column-container ff_columns_total_2 '><div class='ff-t-cell ff-t-column-1' style='flex-basis: 50%;'><div data-type=\"name-element\" data-name=\"names\" class=\" ff-field_container ff-name-field-wrapper\" ><div class='ff-t-container'><div class='ff-t-cell '><div class='ff-el-group  ff-el-form-top'><div class=\"ff-el-input--label ff-el-is-required asterisk-right\"><label for='ff_3_names_first_name_' id='label_ff_3_names_first_name_' >Nome Completo<\/label><\/div><div class='ff-el-input--content'><input type=\"text\" name=\"names[first_name]\" id=\"ff_3_names_first_name_\" class=\"ff-el-form-control\" aria-invalid=\"false\" aria-required=true><\/div><\/div><\/div><\/div><\/div><div class='ff-el-group'><div class=\"ff-el-input--label ff-el-is-required asterisk-right\"><label for='ff_3_input_text' id='label_ff_3_input_text' aria-label=\"Contato Telef\u00f3nico\">Contato Telef\u00f3nico<\/label><\/div><div class='ff-el-input--content'><input type=\"text\" name=\"input_text\" class=\"ff-el-form-control\" data-name=\"input_text\" id=\"ff_3_input_text\"  aria-invalid=\"false\" aria-required=true><\/div><\/div><\/div><div class='ff-t-cell ff-t-column-2' style='flex-basis: 50%;'><div class='ff-el-group'><div class=\"ff-el-input--label ff-el-is-required asterisk-right\"><label for='ff_3_email' id='label_ff_3_email' aria-label=\"Email\">Email<\/label><\/div><div class='ff-el-input--content'><input type=\"email\" name=\"email\" id=\"ff_3_email\" class=\"ff-el-form-control\" data-name=\"email\"  aria-invalid=\"false\" aria-required=true><\/div><\/div><div class='ff-el-group'><div class=\"ff-el-input--label ff-el-is-required asterisk-right\"><label for='ff_3_file-upload_1' id='label_ff_3_file-upload_1' aria-label=\"Anexar CV\">Anexar CV<\/label><\/div><div class='ff-el-input--content'><label for='ff_3_file-upload_1' class='ff_file_upload_holder'><span class='ff_upload_btn ff-btn'>Anexar Ficheiro<\/span> <input type=\"file\" name=\"file-upload\" id=\"ff_3_file-upload_1\" class=\"ff-el-form-control  ff-screen-reader-element\" data-name=\"file-upload\" multiple=\"1\"  aria-invalid='false' aria-required=true><\/label><\/div><\/div><\/div><\/div><div class='ff-el-group    ff-el-input--content'><div class='ff-el-form-check ff-el-tc'><label aria-label='Eu autorizo a Obrumsa para a recolha e utiliza\u00e7\u00e3o dos meus dados pessoais no \u00e2mbito deste pedido.' class='ff-el-form-check-label ff_tc_label' for=gdpr-agreement_b624bd60b5716be450c9c94173d86324><span class='ff_tc_checkbox'><input type=\"checkbox\" name=\"gdpr-agreement\" class=\"ff-el-form-check-input ff_gdpr_field\" data-name=\"gdpr-agreement\" id=\"gdpr-agreement_b624bd60b5716be450c9c94173d86324\"  value='on' aria-invalid='false' aria-required=true><\/span> <div class='ff_t_c'>Eu autorizo a Obrumsa para a recolha e utiliza\u00e7\u00e3o dos meus dados pessoais no \u00e2mbito deste pedido. <\/div><\/label><\/div><\/div><div class='ff-el-group ff-text-left ff_submit_btn_wrapper'><button type=\"submit\" class=\"ff-btn ff-btn-submit ff-btn-md ff_btn_style\"  aria-label=\"Submeter\">Submeter<\/button><\/div><\/fieldset><\/form><div id='fluentform_3_errors' class='ff-errors-in-stack ff_form_instance_3_1 ff-form-loading_errors ff_form_instance_3_1_errors'><\/div><\/div>            <script type=\"text\/javascript\">\n                window.fluent_form_ff_form_instance_3_1 = {\"id\":\"3\",\"settings\":{\"layout\":{\"labelPlacement\":\"top\",\"helpMessagePlacement\":\"with_label\",\"errorMessagePlacement\":\"inline\",\"cssClassName\":\"\",\"asteriskPlacement\":\"asterisk-right\"},\"restrictions\":{\"denyEmptySubmission\":{\"enabled\":false}}},\"form_instance\":\"ff_form_instance_3_1\",\"form_id_selector\":\"fluentform_3\",\"rules\":{\"names[first_name]\":{\"required\":{\"value\":true,\"message\":\"Este campo \\u00e9 obrigat\\u00f3rio\",\"global_message\":\"Este campo \\u00e9 obrigat\\u00f3rio\",\"global\":false}},\"names[middle_name]\":{\"required\":{\"value\":false,\"message\":\"Este campo \\u00e9 obrigat\\u00f3rio\",\"global_message\":\"Este campo \\u00e9 obrigat\\u00f3rio\",\"global\":true}},\"names[last_name]\":{\"required\":{\"value\":false,\"message\":\"Este campo \\u00e9 obrigat\\u00f3rio\",\"global_message\":\"Este campo \\u00e9 obrigat\\u00f3rio\",\"global\":true}},\"input_text\":{\"required\":{\"value\":true,\"message\":\"Este campo \\u00e9 obrigat\\u00f3rio\",\"global_message\":\"Este campo \\u00e9 obrigat\\u00f3rio\",\"global\":false}},\"email\":{\"required\":{\"value\":true,\"message\":\"Este campo \\u00e9 obrigat\\u00f3rio\",\"global_message\":\"Este campo \\u00e9 obrigat\\u00f3rio\",\"global\":false},\"email\":{\"value\":false,\"message\":\"Este campo \\u00e9 obrigat\\u00f3rio\",\"global_message\":\"Este campo deve conter um endere\\u00e7o de email v\\u00e1lido\",\"global\":false}},\"file-upload\":{\"required\":{\"value\":true,\"message\":\"Este campo \\u00e9 obrigat\\u00f3rio\",\"global_message\":\"Este campo \\u00e9 obrigat\\u00f3rio\",\"global\":true},\"max_file_size\":{\"value\":1048576,\"_valueFrom\":\"MB\",\"message\":\"Falha na valida\\u00e7\\u00e3o do tamanho m\\u00e1ximo do ficheiro\",\"global_message\":\"Falha na valida\\u00e7\\u00e3o do tamanho m\\u00e1ximo do ficheiro\",\"global\":true},\"max_file_count\":{\"value\":1,\"message\":\"Falha na valida\\u00e7\\u00e3o do n\\u00famero m\\u00e1ximo de ficheiros\",\"global_message\":\"Falha na valida\\u00e7\\u00e3o do n\\u00famero m\\u00e1ximo de ficheiros\",\"global\":true},\"allowed_file_types\":{\"value\":[\"pdf\"],\"message\":\"Apenas documentos formato PDF\",\"global_message\":\"Os tipos de imagem permitidos n\\u00e3o correspondem\",\"global\":false}},\"gdpr-agreement\":{\"required\":{\"value\":true,\"message\":\"Este campo \\u00e9 obrigat\\u00f3rio\",\"global_message\":\"Este campo \\u00e9 obrigat\\u00f3rio\",\"global\":false}}},\"debounce_time\":300};\n                            <\/script>\n                        <\/div>\n\n            <\/div>\t\t\t\t<\/div>\n\t\t\t\t<\/div>\n\t\t\t\t\t<\/div>\n\t\t<\/div>\n\t\t\t\t\t<\/div>\n\t\t<\/section>\n\t\t\t\t<\/div>\n\t\t","protected":false},"excerpt":{"rendered":"<p>Carreiras \u2014 Faz uma candidatura expont\u00e2nea Formul\u00e1rio de Carreira Nome CompletoContato Telef\u00f3nicoEmailAnexar CVAnexar Ficheiro Eu autorizo a Obrumsa para a recolha e utiliza\u00e7\u00e3o dos meus dados pessoais no \u00e2mbito deste pedido. Submeter<\/p>","protected":false},"author":1,"featured_media":0,"parent":375,"menu_order":0,"comment_status":"closed","ping_status":"closed","template":"","meta":{"footnotes":""},"class_list":["post-1893","page","type-page","status-publish","hentry"],"aioseo_notices":[],"_links":{"self":[{"href":"https:\/\/obrumsa.com\/es\/wp-json\/wp\/v2\/pages\/1893","targetHints":{"allow":["GET"]}}],"collection":[{"href":"https:\/\/obrumsa.com\/es\/wp-json\/wp\/v2\/pages"}],"about":[{"href":"https:\/\/obrumsa.com\/es\/wp-json\/wp\/v2\/types\/page"}],"author":[{"embeddable":true,"href":"https:\/\/obrumsa.com\/es\/wp-json\/wp\/v2\/users\/1"}],"replies":[{"embeddable":true,"href":"https:\/\/obrumsa.com\/es\/wp-json\/wp\/v2\/comments?post=1893"}],"version-history":[{"count":37,"href":"https:\/\/obrumsa.com\/es\/wp-json\/wp\/v2\/pages\/1893\/revisions"}],"predecessor-version":[{"id":2990,"href":"https:\/\/obrumsa.com\/es\/wp-json\/wp\/v2\/pages\/1893\/revisions\/2990"}],"up":[{"embeddable":true,"href":"https:\/\/obrumsa.com\/es\/wp-json\/wp\/v2\/pages\/375"}],"wp:attachment":[{"href":"https:\/\/obrumsa.com\/es\/wp-json\/wp\/v2\/media?parent=1893"}],"curies":[{"name":"wp","href":"https:\/\/api.w.org\/{rel}","templated":true}]}}