{"id":2631,"date":"2024-02-06T17:19:54","date_gmt":"2024-02-06T17:19:54","guid":{"rendered":"https:\/\/novo.obrumsa.com\/?page_id=2631"},"modified":"2024-02-21T16:47:11","modified_gmt":"2024-02-21T16:47:11","slug":"politica-de-privacidade-e-cookies","status":"publish","type":"page","link":"https:\/\/obrumsa.com\/es\/politica-de-privacidade-e-cookies\/","title":{"rendered":"Pol\u00edtica de Privacidad y Cookies"},"content":{"rendered":"<div data-elementor-type=\"wp-page\" data-elementor-id=\"2631\" class=\"elementor elementor-2631\">\n\t\t\t\t\t\t<section data-section-luminosity=\"dark\" class=\"elementor-section elementor-top-section elementor-element elementor-element-809d32c elementor-section-boxed elementor-section-height-default elementor-section-height-default wpr-particle-no wpr-jarallax-no wpr-parallax-no wpr-sticky-section-no\" data-id=\"809d32c\" data-element_type=\"section\" data-e-type=\"section\" data-settings=\"{&quot;background_background&quot;:&quot;classic&quot;}\">\n\t\t\t\t\t\t\t<div class=\"elementor-background-overlay\"><\/div>\n\t\t\t\t\t\t\t<div class=\"elementor-container elementor-column-gap-default\">\n\t\t\t\t\t<div class=\"elementor-column elementor-col-100 elementor-top-column elementor-element elementor-element-28aea06\" data-id=\"28aea06\" data-element_type=\"column\" data-e-type=\"column\">\n\t\t\t<div class=\"elementor-widget-wrap elementor-element-populated\">\n\t\t\t\t\t\t<div class=\"elementor-element elementor-element-549637f elementor-widget elementor-widget-hub_fancy_heading\" data-id=\"549637f\" data-element_type=\"widget\" data-e-type=\"widget\" data-widget_type=\"hub_fancy_heading.default\">\n\t\t\t\t<div class=\"elementor-widget-container\">\n\t\t\t\t\t\n\t\t<div id=\"ld-fancy-heading-69e1729cdf357\" class=\"ld-fancy-heading pos-rel\">\n\t\t\t<h1 class=\"ld-fh-element d-inline-block pos-rel  elementor-heading-title lqd-highlight-classic lqd-highlight-grow-left h4\"  > Pol\u00edtica de Privacidad y Cookies<\/h1>\t\t<\/div>\n\n\t\t\t\t\t\t<\/div>\n\t\t\t\t<\/div>\n\t\t\t\t\t<\/div>\n\t\t<\/div>\n\t\t\t\t\t<\/div>\n\t\t<\/section>\n\t\t<div class=\"elementor-element elementor-element-5e9668b e-flex e-con-boxed wpr-particle-no wpr-jarallax-no wpr-parallax-no wpr-sticky-section-no e-con e-parent\" data-id=\"5e9668b\" data-element_type=\"container\" data-e-type=\"container\">\n\t\t\t\t\t<div class=\"e-con-inner\">\n\t\t\t\t<div class=\"elementor-element elementor-element-3555b15 elementor-widget elementor-widget-text-editor\" data-id=\"3555b15\" data-element_type=\"widget\" data-e-type=\"widget\" data-widget_type=\"text-editor.default\">\n\t\t\t\t<div class=\"elementor-widget-container\">\n\t\t\t\t\t\t\t\t\t<p class=\"translation-block\">La presente pol\u00edtica de privacidad y cookies se aplica exclusivamente al uso y tratamiento de datos en el sitio web <a href=\"https:\/\/obrumsa.com\/es\/\" target=\"_self\">https:\/\/obrumsa.com<\/a> de la empresa Obrumsa - Engenharia, Arquitetura e Constru\u00e7ao, Lda, en adelante Obrumsa.<\/p><p>Nos comprometemos a respetar su privacidad y a proteger sus datos personales, adoptando todas las medidas necesarias para garantizar su seguridad.<\/p>\t\t\t\t\t\t\t\t<\/div>\n\t\t\t\t<\/div>\n\t\t\t\t<div class=\"elementor-element elementor-element-ab71306 elementor-widget elementor-widget-text-editor\" data-id=\"ab71306\" data-element_type=\"widget\" data-e-type=\"widget\" data-widget_type=\"text-editor.default\">\n\t\t\t\t<div class=\"elementor-widget-container\">\n\t\t\t\t\t\t\t\t\t<h4><strong>1. Controlador de datos <\/strong><\/h4><p>La entidad responsable del tratamiento de los datos personales es Obrumsa, que determina las finalidades y modalidades del tratamiento de los mismos. Obrumsa es responsable de que el tratamiento de los datos se ajuste a la legislaci\u00f3n vigente, velando por el cumplimiento de la presente Pol\u00edtica de Protecci\u00f3n de Datos y Cookies. Asimismo, establece normas claras para el tratamiento de los datos personales, garantizando que todas las partes implicadas en la gesti\u00f3n de los datos conozcan los procedimientos adoptados por Obrumsa y los derechos de los interesados al respecto.<\/p><p>Si necesita ponerse en contacto con el responsable del tratamiento de datos personales sobre cuestiones relacionadas con este asunto, puede hacerlo a trav\u00e9s de los medios de contacto que se indican a continuaci\u00f3n:<\/p><ul><li><strong>Direcci\u00f3n:<\/strong> Rua das Naus, N.\u00ba 7 2615-187 Alverca do Ribatejo<\/li><li><strong>Email:\u00a0<\/strong>geral@obrumsa.com<\/li><li><strong>Tel\u00e9fono:\u00a0<\/strong>(+351) 215 804 855<\/li><\/ul>\t\t\t\t\t\t\t\t<\/div>\n\t\t\t\t<\/div>\n\t\t\t\t<div class=\"elementor-element elementor-element-c9efd16 elementor-widget elementor-widget-text-editor\" data-id=\"c9efd16\" data-element_type=\"widget\" data-e-type=\"widget\" data-widget_type=\"text-editor.default\">\n\t\t\t\t<div class=\"elementor-widget-container\">\n\t\t\t\t\t\t\t\t\t<h4><strong>2. Tipos de datos personales recogidos<\/strong><\/h4><p>En el marco de sus actividades, Obrumsa recoge y trata los datos personales necesarios para la prestaci\u00f3n de servicios, solicitudes de contacto, petici\u00f3n de presupuestos y\/o informaci\u00f3n general, as\u00ed como para el cumplimiento de las obligaciones legales derivadas de cualesquiera contratos o transacciones comerciales con nuestra empresa. Estos datos pueden incluir, entre otros, nombre y direcci\u00f3n de correo electr\u00f3nico, tal y como se detalla en la informaci\u00f3n facilitada a los titulares de los datos personales.<\/p><p>Adem\u00e1s, Obrumsa recopila informaci\u00f3n an\u00f3nima cuando los usuarios visitan el sitio web. Esta informaci\u00f3n puede incluir, por ejemplo, el tipo de dispositivo, el sistema operativo y el navegador utilizados, la ubicaci\u00f3n geogr\u00e1fica, la duraci\u00f3n de la visita y el n\u00famero de p\u00e1ginas visitadas. Estos datos no permiten identificar a usuarios individuales y s\u00f3lo se utilizan con fines de marketing.<\/p>\t\t\t\t\t\t\t\t<\/div>\n\t\t\t\t<\/div>\n\t\t\t\t<div class=\"elementor-element elementor-element-c6f3599 elementor-widget elementor-widget-text-editor\" data-id=\"c6f3599\" data-element_type=\"widget\" data-e-type=\"widget\" data-widget_type=\"text-editor.default\">\n\t\t\t\t<div class=\"elementor-widget-container\">\n\t\t\t\t\t\t\t\t\t<h4><strong>3. M\u00e9todo de recogida de datos personales<\/strong><\/h4><p>Obrumsa obtiene sus datos personales a trav\u00e9s de su p\u00e1gina web y formularios de contacto, asegurando siempre el consentimiento previo del titular de los datos personales cuando sea necesario.<\/p><p>Los datos personales recogidos podr\u00e1n ser objeto de tratamiento automatizado o no automatizado, garantizando siempre el estricto cumplimiento de la legislaci\u00f3n sobre protecci\u00f3n de datos de car\u00e1cter personal. Estos datos se almacenan en bases de datos espec\u00edficas creadas a tal efecto y en ning\u00fan caso se utilizar\u00e1n para fines distintos de aquellos para los que fueron recogidos, ni sin el consentimiento previo del interesado.<\/p>\t\t\t\t\t\t\t\t<\/div>\n\t\t\t\t<\/div>\n\t\t\t\t<div class=\"elementor-element elementor-element-bdee701 elementor-widget elementor-widget-text-editor\" data-id=\"bdee701\" data-element_type=\"widget\" data-e-type=\"widget\" data-widget_type=\"text-editor.default\">\n\t\t\t\t<div class=\"elementor-widget-container\">\n\t\t\t\t\t\t\t\t\t<h4><strong>4. Uso de la informaci\u00f3n recogida<\/strong><\/h4><p>Obrumsa obtiene sus datos personales a trav\u00e9s de su p\u00e1gina web y formularios de contacto, asegurando siempre el consentimiento previo del titular de los datos personales cuando sea necesario.<\/p><p>Los datos personales recogidos podr\u00e1n ser objeto de tratamiento automatizado o no automatizado, garantizando siempre el estricto cumplimiento de la legislaci\u00f3n sobre protecci\u00f3n de datos de car\u00e1cter personal. Estos datos se almacenan en bases de datos espec\u00edficas creadas a tal efecto y en ning\u00fan caso se utilizar\u00e1n para fines distintos de aquellos para los que fueron recogidos, ni sin el consentimiento previo del interesado.<\/p>\t\t\t\t\t\t\t\t<\/div>\n\t\t\t\t<\/div>\n\t\t\t\t<div class=\"elementor-element elementor-element-351b098 elementor-widget elementor-widget-text-editor\" data-id=\"351b098\" data-element_type=\"widget\" data-e-type=\"widget\" data-widget_type=\"text-editor.default\">\n\t\t\t\t<div class=\"elementor-widget-container\">\n\t\t\t\t\t\t\t\t\t<h4><strong>5. Periodo de almacenamiento de datos<\/strong><\/h4><p>El periodo de almacenamiento y conservaci\u00f3n de los datos personales var\u00eda en funci\u00f3n de la finalidad del tratamiento de la informaci\u00f3n.<\/p><p>Cuando existan requisitos legales que obliguen a conservar los datos durante un per\u00edodo m\u00ednimo, se respetar\u00e1 dicho per\u00edodo. En los casos en que no exista una obligaci\u00f3n legal espec\u00edfica, los datos se almacenar\u00e1n y conservar\u00e1n \u00fanicamente durante el tiempo necesario para cumplir los fines para los que fueron recogidos o posteriormente tratados, de conformidad con los t\u00e9rminos definidos en la legislaci\u00f3n aplicable.<\/p>\t\t\t\t\t\t\t\t<\/div>\n\t\t\t\t<\/div>\n\t\t\t\t<div class=\"elementor-element elementor-element-e6a281c elementor-widget elementor-widget-text-editor\" data-id=\"e6a281c\" data-element_type=\"widget\" data-e-type=\"widget\" data-widget_type=\"text-editor.default\">\n\t\t\t\t<div class=\"elementor-widget-container\">\n\t\t\t\t\t\t\t\t\t<h4><strong>6. Cookies<\/strong><\/h4><h5><strong>6.1 \u00bfQu\u00e9 son las Cookies?<\/strong><\/h5><p>Las cookies son peque\u00f1os archivos de datos que pueden incluir un identificador \u00fanico y an\u00f3nimo. Se env\u00edan a su navegador desde un sitio web y se almacenan en el disco duro de su ordenador. Estos archivos permiten a los sistemas del sitio reconocer su navegador, recopilando y almacenando determinada informaci\u00f3n. Por ejemplo, utilizamos Google Analytics, las cookies de seguimiento de conversiones de AdWords y el p\u00edxel de Facebook para ayudarnos a crear art\u00edculos m\u00e1s \u00fatiles y ofrecer una mejor experiencia de navegaci\u00f3n. Estos datos tambi\u00e9n se utilizan para comprender sus preferencias en funci\u00f3n de su actividad anterior o actual en nuestro sitio web, lo que nos permite ofrecer mejores servicios. Adem\u00e1s, utilizamos cookies para recopilar datos agregados sobre el tr\u00e1fico y la interacci\u00f3n en el sitio web con el fin de ofrecer experiencias y herramientas futuras m\u00e1s eficaces.<\/p><h5><strong>6.2 \u00bfPara qu\u00e9 Sirven?<\/strong><\/h5><p>Utilizamos cookies para recolher informa\u00e7\u00f5es que nos ajudam a melhorar o nosso site. Pode configurar o seu navegador para recusar todos os cookies ou para o notificar sempre que um cookie estiver a ser enviado. No entanto, ao desativar os cookies, algumas funcionalidades do site podem ficar comprometidas. Pode optar por deixar o seu computador alert\u00e1-lo sempre que um cookie for enviado ou desativar todos os cookies atrav\u00e9s das configura\u00e7\u00f5es do seu navegador. Como cada navegador \u00e9 diferente, consulte a sec\u00e7\u00e3o de ajuda do seu navegador para saber como gerir os cookies. No entanto, se optar por rejeitar os cookies, ainda poder\u00e1 utilizar o nosso website, embora possa ter acesso restrito a algumas funcionalidades e \u00e1reas do site.<\/p>\t\t\t\t\t\t\t\t<\/div>\n\t\t\t\t<\/div>\n\t\t\t\t<div class=\"elementor-element elementor-element-4856f61 elementor-widget elementor-widget-text-editor\" data-id=\"4856f61\" data-element_type=\"widget\" data-e-type=\"widget\" data-widget_type=\"text-editor.default\">\n\t\t\t\t<div class=\"elementor-widget-container\">\n\t\t\t\t\t\t\t\t\t<h4>7. Seguridad de los datos personales<\/h4><p>Obrumsa se compromete a garantizar la protecci\u00f3n y seguridad de los datos personales facilitados, por lo que ha establecido y aplicado estrictas medidas en esta materia. El cumplimiento de estas medidas es una obligaci\u00f3n para todos aquellos que legalmente tengan acceso a los mismos.<\/p><p>Para garantizar la seguridad de la informaci\u00f3n, Obrumsa adopta las medidas oportunas durante la recogida, almacenamiento y tratamiento de los datos, implementando las cautelas t\u00e9cnicas y organizativas necesarias para evitar accesos no autorizados. En el sitio web de Obrumsa, los formularios de recogida de datos personales se realizan a trav\u00e9s de sesiones cifradas del navegador, y todos los datos personales facilitados se almacenan de forma segura en los sistemas de Obrumsa.<\/p>\t\t\t\t\t\t\t\t<\/div>\n\t\t\t\t<\/div>\n\t\t\t\t<div class=\"elementor-element elementor-element-92b52c1 elementor-widget elementor-widget-text-editor\" data-id=\"92b52c1\" data-element_type=\"widget\" data-e-type=\"widget\" data-widget_type=\"text-editor.default\">\n\t\t\t\t<div class=\"elementor-widget-container\">\n\t\t\t\t\t\t\t\t\t<h4>8. Consentimiento, Rectificaci\u00f3n y Oposici\u00f3n<\/h4><p>Como titulares de datos personales, los Clientes\/Usuarios tienen garantizado el derecho de acceso, rectificaci\u00f3n, actualizaci\u00f3n, limitaci\u00f3n y supresi\u00f3n de sus datos personales en cualquier momento. Tambi\u00e9n tienen derecho a oponerse al uso de sus datos con fines comerciales por Obrumsa y a retirar su consentimiento, sin que ello comprometa la licitud del tratamiento efectuado sobre la base de dicho consentimiento, as\u00ed como el derecho a la portabilidad de los datos.<\/p><p>Para el ejercicio de estos derechos, el titular de los datos personales podr\u00e1 hacerlo directamente o mediante solicitud escrita dirigida a Obrumsa, utilizando los datos de contacto facilitados en la presente Pol\u00edtica de Privacidad y Cookies, as\u00ed como los dem\u00e1s medios de contacto facilitados por Obrumsa.<\/p><p>Asimismo, los Clientes\/Usuarios tienen derecho a presentar reclamaciones directamente ante Obrumsa, utilizando los datos de contacto facilitados al efecto, o bien pueden hacerlo ante la Autoridad de Control, que es la Comisi\u00f3n Nacional de Protecci\u00f3n de Datos (CNPD), utilizando los datos de contacto facilitados por este organismo.<\/p>\t\t\t\t\t\t\t\t<\/div>\n\t\t\t\t<\/div>\n\t\t\t\t<div class=\"elementor-element elementor-element-79f307d elementor-widget elementor-widget-text-editor\" data-id=\"79f307d\" data-element_type=\"widget\" data-e-type=\"widget\" data-widget_type=\"text-editor.default\">\n\t\t\t\t<div class=\"elementor-widget-container\">\n\t\t\t\t\t\t\t\t\t<h4>9. Cambios en la Pol\u00edtica de Privacidad y Cookies<\/h4><p>Obrumsa se reserva el derecho a realizar cambios en esta pol\u00edtica de privacidad y cookies. Si se produjera alg\u00fan cambio, podr\u00edamos notific\u00e1rselo a los usuarios por correo electr\u00f3nico, por lo que le recomendamos que visite esta p\u00e1gina con regularidad para mantenerse al d\u00eda.<\/p>\t\t\t\t\t\t\t\t<\/div>\n\t\t\t\t<\/div>\n\t\t\t\t\t<\/div>\n\t\t\t\t<\/div>\n\t\t\t\t<\/div>","protected":false},"excerpt":{"rendered":"<p>Pol\u00edtica de Privacidade e Cookies A atual pol\u00edtica de privacidade e cookies aplica-se unicamente \u00e0 utiliza\u00e7\u00e3o e ao tratamento de dados no website https:\/\/obrumsa.com da empresa Obrumsa &#8211; Engenharia, Arquitetura e Constru\u00e7ao, Lda, doravante referida como Obrumsa. Comprometemo-nos a respeitar a sua privacidade e a proteger os seus dados pessoais, adotando todas as medidas necess\u00e1rias para garantir a sua seguran\u00e7a. 1. Respons\u00e1vel pelo Tratamento de Dados A entidade encarregada do tratamento dos dados pessoais \u00e9 a Obrumsa, que determina os objetivos e os m\u00e9todos de tratamento dos mesmos. A Obrumsa tem a responsabilidade de garantir a conformidade dos tratamentos de dados com a legisla\u00e7\u00e3o em vigor, assegurando o cumprimento desta Pol\u00edtica de Prote\u00e7\u00e3o de Dados e Cookies. Al\u00e9m disso, estabelece regras claras para o tratamento de dados pessoais, garantindo que todas as partes envolvidas na gest\u00e3o dos dados estejam cientes dos procedimentos adotados pela Obrumsa e dos direitos dos titulares dos dados nessa mat\u00e9ria. Caso necessite de entrar em contato com o respons\u00e1vel pelo tratamento de dados pessoais em quest\u00f5es relacionadas com este assunto, pode faz\u00ea-lo atrav\u00e9s dos meios de contato abaixo indicados: Morada: Rua das Naus, N.\u00ba 7 2615-187 Alverca do Ribatejo Email:\u00a0geral@obrumsa.com Telefone:\u00a0(+351) 215 804 855 2. Tipos de Dados Pessoais Recolhidos No \u00e2mbito das suas atividades, a Obrumsa recolhe e trata os dados pessoais necess\u00e1rios para a presta\u00e7\u00e3o de servi\u00e7os, solicita\u00e7\u00f5es de contacto, pedidos de or\u00e7amento e\/ou informa\u00e7\u00f5es gerais, bem como para cumprir as obriga\u00e7\u00f5es legais decorrentes de eventuais contratos ou transa\u00e7\u00f5es comerciais com a nossa empresa. Estes dados podem incluir, entre outros, o nome e o endere\u00e7o de e-mail, conforme detalhado nas informa\u00e7\u00f5es fornecidas aos titulares dos dados pessoais. Adicionalmente, a Obrumsa recolhe informa\u00e7\u00f5es an\u00f3nimas quando os utilizadores visitam o website. Estas informa\u00e7\u00f5es podem incluir, por exemplo, o tipo de dispositivo, sistema operativo e navegador utilizados, localiza\u00e7\u00e3o geogr\u00e1fica, dura\u00e7\u00e3o da visita e n\u00famero de p\u00e1ginas visitadas. Estes dados n\u00e3o permitem identificar os utilizadores individualmente e s\u00e3o apenas utilizados para fins de marketing. 3. M\u00e9todo de Recolha dos Dados Pessoais A Obrumsa obt\u00e9m os seus dados pessoais atrav\u00e9s do seu website e dos formul\u00e1rios de contacto, assegurando sempre o consentimento pr\u00e9vio do titular dos dados pessoais, quando necess\u00e1rio. Os dados pessoais recolhidos podem ser processados de forma automatizada ou n\u00e3o automatizada, garantindo sempre o cumprimento rigoroso da legisla\u00e7\u00e3o de prote\u00e7\u00e3o de dados pessoais. Estes dados s\u00e3o armazenados em bases de dados espec\u00edficas criadas para este fim e, em nenhuma circunst\u00e2ncia, ser\u00e3o utilizados para fins diferentes daqueles para os quais foram recolhidos, ou sem o consentimento pr\u00e9vio do titular dos dados. 4. Utiliza\u00e7\u00e3o da Informa\u00e7\u00e3o Recolhida A Obrumsa obt\u00e9m os seus dados pessoais atrav\u00e9s do seu website e dos formul\u00e1rios de contacto, assegurando sempre o consentimento pr\u00e9vio do titular dos dados pessoais, quando necess\u00e1rio. Os dados pessoais recolhidos podem ser processados de forma automatizada ou n\u00e3o automatizada, garantindo sempre o cumprimento rigoroso da legisla\u00e7\u00e3o de prote\u00e7\u00e3o de dados pessoais. Estes dados s\u00e3o armazenados em bases de dados espec\u00edficas criadas para este fim e, em nenhuma circunst\u00e2ncia, ser\u00e3o utilizados para fins diferentes daqueles para os quais foram recolhidos, ou sem o consentimento pr\u00e9vio do titular dos dados. 5. Per\u00edodo de Armazenamento dos Dados O per\u00edodo de armazenamento e conserva\u00e7\u00e3o dos dados pessoais varia de acordo com a finalidade para a qual a informa\u00e7\u00e3o \u00e9 tratada. Quando existem requisitos legais que obrigam \u00e0 conserva\u00e7\u00e3o dos dados por um per\u00edodo m\u00ednimo, este ser\u00e1 respeitado. Nos casos em que n\u00e3o exista uma obriga\u00e7\u00e3o legal espec\u00edfica, os dados ser\u00e3o armazenados e conservados apenas pelo tempo necess\u00e1rio para cumprir as finalidades que motivaram a sua recolha ou subsequente tratamento, de acordo com os termos definidos na legisla\u00e7\u00e3o aplic\u00e1vel. 6. Cookies 6.1. O que s\u00e3o Cookies? Cookies s\u00e3o pequenos ficheiros de dados que podem incluir um identificador \u00fanico e an\u00f3nimo. S\u00e3o enviados para o seu navegador a partir de um site e armazenados no disco r\u00edgido do seu computador. Estes ficheiros permitem que os sistemas do site reconhe\u00e7am o seu navegador, recolhendo e armazenando certas informa\u00e7\u00f5es. Por exemplo, utilizamos o Google Analytics, os cookies de rastreio de convers\u00f5es do AdWords e o Facebook Pixel para nos ajudar a criar artigos mais \u00fateis e proporcionar uma melhor experi\u00eancia de navega\u00e7\u00e3o. Estes dados tamb\u00e9m s\u00e3o utilizados para compreender as suas prefer\u00eancias com base na sua atividade anterior ou atual no nosso site, permitindo-nos oferecer servi\u00e7os melhorados. Al\u00e9m disso, utilizamos cookies para compilar dados agregados sobre o tr\u00e1fego do site e a intera\u00e7\u00e3o no website, visando oferecer experi\u00eancias e ferramentas futuras mais eficazes. 6.2. Para que s\u00e3o Utilizados? Utilizamos cookies para recolher informa\u00e7\u00f5es que nos ajudam a melhorar o nosso site. Pode configurar o seu navegador para recusar todos os cookies ou para o notificar sempre que um cookie estiver a ser enviado. No entanto, ao desativar os cookies, algumas funcionalidades do site podem ficar comprometidas. Pode optar por deixar o seu computador alert\u00e1-lo sempre que um cookie for enviado ou desativar todos os cookies atrav\u00e9s das configura\u00e7\u00f5es do seu navegador. Como cada navegador \u00e9 diferente, consulte a sec\u00e7\u00e3o de ajuda do seu navegador para saber como gerir os cookies. No entanto, se optar por rejeitar os cookies, ainda poder\u00e1 utilizar o nosso website, embora possa ter acesso restrito a algumas funcionalidades e \u00e1reas do site. 7. Seguran\u00e7a dos Dados Pessoais A Obrumsa compromete-se a assegurar a prote\u00e7\u00e3o e seguran\u00e7a dos dados pessoais fornecidos, tendo estabelecido e implementado rigorosas medidas nesta \u00e1rea. O cumprimento destas medidas \u00e9 uma obriga\u00e7\u00e3o para todos aqueles que legalmente t\u00eam acesso aos mesmos. Para garantir a seguran\u00e7a da informa\u00e7\u00e3o, a Obrumsa adota medidas adequadas durante a recolha, armazenamento e processamento dos dados, implementando precau\u00e7\u00f5es t\u00e9cnicas e organizacionais necess\u00e1rias para prevenir acessos n\u00e3o autorizados. No website da Obrumsa, os formul\u00e1rios de recolha de dados pessoais s\u00e3o realizados atrav\u00e9s de sess\u00f5es encriptadas do navegador, e todos os dados pessoais fornecidos s\u00e3o armazenados de forma segura nos sistemas da Obrumsa. 8. Consentimento, Retifica\u00e7\u00e3o e Oposi\u00e7\u00e3o Como titulares dos dados pessoais, os Clientes\/Utilizadores t\u00eam o direito garantido, a qualquer momento, de aceder, retificar, atualizar, limitar e<\/p>","protected":false},"author":1,"featured_media":0,"parent":0,"menu_order":0,"comment_status":"closed","ping_status":"closed","template":"","meta":{"footnotes":""},"class_list":["post-2631","page","type-page","status-publish","hentry"],"aioseo_notices":[],"_links":{"self":[{"href":"https:\/\/obrumsa.com\/es\/wp-json\/wp\/v2\/pages\/2631","targetHints":{"allow":["GET"]}}],"collection":[{"href":"https:\/\/obrumsa.com\/es\/wp-json\/wp\/v2\/pages"}],"about":[{"href":"https:\/\/obrumsa.com\/es\/wp-json\/wp\/v2\/types\/page"}],"author":[{"embeddable":true,"href":"https:\/\/obrumsa.com\/es\/wp-json\/wp\/v2\/users\/1"}],"replies":[{"embeddable":true,"href":"https:\/\/obrumsa.com\/es\/wp-json\/wp\/v2\/comments?post=2631"}],"version-history":[{"count":14,"href":"https:\/\/obrumsa.com\/es\/wp-json\/wp\/v2\/pages\/2631\/revisions"}],"predecessor-version":[{"id":2927,"href":"https:\/\/obrumsa.com\/es\/wp-json\/wp\/v2\/pages\/2631\/revisions\/2927"}],"wp:attachment":[{"href":"https:\/\/obrumsa.com\/es\/wp-json\/wp\/v2\/media?parent=2631"}],"curies":[{"name":"wp","href":"https:\/\/api.w.org\/{rel}","templated":true}]}}