{"id":3053,"date":"2024-12-11T16:31:00","date_gmt":"2024-12-11T16:31:00","guid":{"rendered":"https:\/\/obrumsa.com\/?page_id=3053"},"modified":"2025-01-27T18:04:41","modified_gmt":"2025-01-27T18:04:41","slug":"portefolio","status":"publish","type":"page","link":"https:\/\/obrumsa.com\/es\/portefolio\/","title":{"rendered":"Portefolio"},"content":{"rendered":"<div data-elementor-type=\"wp-page\" data-elementor-id=\"3053\" class=\"elementor elementor-3053\">\n\t\t\t\t\t\t<section data-section-luminosity=\"dark\" class=\"elementor-section elementor-top-section elementor-element elementor-element-36abb3e2 elementor-section-boxed elementor-section-height-default elementor-section-height-default wpr-particle-no wpr-jarallax-no wpr-parallax-no wpr-sticky-section-no\" data-id=\"36abb3e2\" data-element_type=\"section\" data-e-type=\"section\" data-settings=\"{&quot;background_background&quot;:&quot;classic&quot;}\">\n\t\t\t\t\t\t\t<div class=\"elementor-background-overlay\"><\/div>\n\t\t\t\t\t\t\t<div class=\"elementor-container elementor-column-gap-default\">\n\t\t\t\t\t<div class=\"elementor-column elementor-col-100 elementor-top-column elementor-element elementor-element-8784a98\" data-id=\"8784a98\" data-element_type=\"column\" data-e-type=\"column\">\n\t\t\t<div class=\"elementor-widget-wrap elementor-element-populated\">\n\t\t\t\t\t\t<div class=\"elementor-element elementor-element-10454a45 elementor-widget elementor-widget-hub_fancy_heading\" data-id=\"10454a45\" data-element_type=\"widget\" data-e-type=\"widget\" data-widget_type=\"hub_fancy_heading.default\">\n\t\t\t\t<div class=\"elementor-widget-container\">\n\t\t\t\t\t\n\t\t<div id=\"ld-fancy-heading-69e1726798f73\" class=\"ld-fancy-heading pos-rel\">\n\t\t\t<h1 class=\"ld-fh-element d-inline-block pos-rel  elementor-heading-title lqd-highlight-classic lqd-highlight-grow-left h4\"  > Portfolio<\/h1>\t\t<\/div>\n\n\t\t\t\t\t\t<\/div>\n\t\t\t\t<\/div>\n\t\t\t\t\t<\/div>\n\t\t<\/div>\n\t\t\t\t\t<\/div>\n\t\t<\/section>\n\t\t\t\t<section class=\"elementor-section elementor-top-section elementor-element elementor-element-5828e5b elementor-section-boxed elementor-section-height-default elementor-section-height-default wpr-particle-no wpr-jarallax-no wpr-parallax-no wpr-sticky-section-no\" data-id=\"5828e5b\" data-element_type=\"section\" data-e-type=\"section\">\n\t\t\t\t\t\t<div class=\"elementor-container elementor-column-gap-default\">\n\t\t\t\t\t<div class=\"elementor-column elementor-col-33 elementor-top-column elementor-element elementor-element-b851f38\" data-id=\"b851f38\" data-element_type=\"column\" data-e-type=\"column\">\n\t\t\t<div class=\"elementor-widget-wrap elementor-element-populated\">\n\t\t\t\t\t\t<div class=\"elementor-element elementor-element-6dddfd1 elementor-widget elementor-widget-ld_content_box\" data-id=\"6dddfd1\" data-element_type=\"widget\" data-e-type=\"widget\" data-widget_type=\"ld_content_box.default\">\n\t\t\t\t<div class=\"elementor-widget-container\">\n\t\t\t\t\t\n\t\t<div class=\"lqd-fb pos-rel lqd-fb-style-6 border-radius-4 h-pt-125\" data-lqd-zindex=\"true\">\n\t\t\n\t\t\t<div class=\"lqd-fb-shadow\"><\/div>\n\n\t\t\t<div class=\"flex-wrap d-flex align-items-center lqd-overlay\" data-hover3d=\"true\">\n\n\t\t\t\t<div class=\"lqd-fb-content-wrap lqd-overlay flex-column align-items-end transform-style-3d backface-hidden will-change-transform\" data-stacking-factor=\"0.5\">\n\n\t\t\t\t\t<div class=\"overflow-hidden lqd-fb-img lqd-overlay border-radius-4 backface-hidden\">\n\t\t\t\t\t\t<figure class=\"w-100 h-100\">\n\t\t\t\t\t\t\t<img decoding=\"async\" class=\"w-100 h-100 objfit-cover objfit-center\" src=\"https:\/\/obrumsa.com\/wp-content\/uploads\/2025\/01\/27.jpg\">\t\t\t\t\t\t<\/figure>\n\t\t\t\t\t\t<div class=\"lqd-fb-bg lqd-overlay\"><\/div>\n\t\t\t\t\t\t<div class=\"lqd-fb-hover-overlay lqd-overlay\"><\/div>\n\t\t\t\t\t<\/div>\n\n\t\t\t\t\t<div class=\"p-4 lqd-fb-content d-flex flex-column justify-content-end lqd-overlay backface-hidden\">\n\n\t\t\t\t\t\t<span class=\"mb-5 lqd-fb-icon d-flex\">\n\t\t\t\t\t\t\t\t\t\t\t\t\t<\/span>\n\n\t\t\t\t\t\t<h2 class=\"lqd-fb__title mt-0 mb-3 font-weight-bold\">Caf\u00e9 - Minimercado em Arruda dos Vinhos<\/h2>\n\t\t\t\t\t<\/div>\n\n\t\t\t\t<\/div>\n\n\t\t\t\t\t\t\t\t\t<a href=\"https:\/\/obrumsa.com\/es\/cafe-minimercado-em-arruda-dos-vinhos\/\" class=\"lqd-overlay\"><\/a>\n\t\t\t\t\n\t\t\t<\/div>\n\n\t\t\t\t\t<\/div>\n\t\t\t\t\t\t<\/div>\n\t\t\t\t<\/div>\n\t\t\t\t\t<\/div>\n\t\t<\/div>\n\t\t\t\t<div class=\"elementor-column elementor-col-33 elementor-top-column elementor-element elementor-element-37027bc\" data-id=\"37027bc\" data-element_type=\"column\" data-e-type=\"column\">\n\t\t\t<div class=\"elementor-widget-wrap elementor-element-populated\">\n\t\t\t\t\t\t<div class=\"elementor-element elementor-element-eda20f6 elementor-widget elementor-widget-ld_content_box\" data-id=\"eda20f6\" data-element_type=\"widget\" data-e-type=\"widget\" data-widget_type=\"ld_content_box.default\">\n\t\t\t\t<div class=\"elementor-widget-container\">\n\t\t\t\t\t\n\t\t<div class=\"lqd-fb pos-rel lqd-fb-style-6 border-radius-4 h-pt-125\" data-lqd-zindex=\"true\">\n\t\t\n\t\t\t<div class=\"lqd-fb-shadow\"><\/div>\n\n\t\t\t<div class=\"flex-wrap d-flex align-items-center lqd-overlay\" data-hover3d=\"true\">\n\n\t\t\t\t<div class=\"lqd-fb-content-wrap lqd-overlay flex-column align-items-end transform-style-3d backface-hidden will-change-transform\" data-stacking-factor=\"0.5\">\n\n\t\t\t\t\t<div class=\"overflow-hidden lqd-fb-img lqd-overlay border-radius-4 backface-hidden\">\n\t\t\t\t\t\t<figure class=\"w-100 h-100\">\n\t\t\t\t\t\t\t<img decoding=\"async\" class=\"w-100 h-100 objfit-cover objfit-center\" src=\"https:\/\/obrumsa.com\/wp-content\/uploads\/2025\/01\/Loja-Alverca-03.jpg\">\t\t\t\t\t\t<\/figure>\n\t\t\t\t\t\t<div class=\"lqd-fb-bg lqd-overlay\"><\/div>\n\t\t\t\t\t\t<div class=\"lqd-fb-hover-overlay lqd-overlay\"><\/div>\n\t\t\t\t\t<\/div>\n\n\t\t\t\t\t<div class=\"p-4 lqd-fb-content d-flex flex-column justify-content-end lqd-overlay backface-hidden\">\n\n\t\t\t\t\t\t<span class=\"mb-5 lqd-fb-icon d-flex\">\n\t\t\t\t\t\t\t\t\t\t\t\t\t<\/span>\n\n\t\t\t\t\t\t<h2 class=\"lqd-fb__title mt-0 mb-3 font-weight-bold\">Loja comercial em Alverca<\/h2>\n\t\t\t\t\t<\/div>\n\n\t\t\t\t<\/div>\n\n\t\t\t\t\t\t\t\t\t<a href=\"https:\/\/obrumsa.com\/es\/loja-comercial-em-alverca\/\" class=\"lqd-overlay\"><\/a>\n\t\t\t\t\n\t\t\t<\/div>\n\n\t\t\t\t\t<\/div>\n\t\t\t\t\t\t<\/div>\n\t\t\t\t<\/div>\n\t\t\t\t\t<\/div>\n\t\t<\/div>\n\t\t\t\t<div class=\"elementor-column elementor-col-33 elementor-top-column elementor-element elementor-element-72a6935\" data-id=\"72a6935\" data-element_type=\"column\" data-e-type=\"column\">\n\t\t\t<div class=\"elementor-widget-wrap elementor-element-populated\">\n\t\t\t\t\t\t<div class=\"elementor-element elementor-element-5dc0878 elementor-widget elementor-widget-ld_content_box\" data-id=\"5dc0878\" data-element_type=\"widget\" data-e-type=\"widget\" data-widget_type=\"ld_content_box.default\">\n\t\t\t\t<div class=\"elementor-widget-container\">\n\t\t\t\t\t\n\t\t<div class=\"lqd-fb pos-rel lqd-fb-style-6 border-radius-4 h-pt-125\" data-lqd-zindex=\"true\">\n\t\t\n\t\t\t<div class=\"lqd-fb-shadow\"><\/div>\n\n\t\t\t<div class=\"flex-wrap d-flex align-items-center lqd-overlay\" data-hover3d=\"true\">\n\n\t\t\t\t<div class=\"lqd-fb-content-wrap lqd-overlay flex-column align-items-end transform-style-3d backface-hidden will-change-transform\" data-stacking-factor=\"0.5\">\n\n\t\t\t\t\t<div class=\"overflow-hidden lqd-fb-img lqd-overlay border-radius-4 backface-hidden\">\n\t\t\t\t\t\t<figure class=\"w-100 h-100\">\n\t\t\t\t\t\t\t<img decoding=\"async\" class=\"w-100 h-100 objfit-cover objfit-center\" src=\"https:\/\/obrumsa.com\/wp-content\/uploads\/2025\/01\/Isolamento-Cobertura-02.jpg\">\t\t\t\t\t\t<\/figure>\n\t\t\t\t\t\t<div class=\"lqd-fb-bg lqd-overlay\"><\/div>\n\t\t\t\t\t\t<div class=\"lqd-fb-hover-overlay lqd-overlay\"><\/div>\n\t\t\t\t\t<\/div>\n\n\t\t\t\t\t<div class=\"p-4 lqd-fb-content d-flex flex-column justify-content-end lqd-overlay backface-hidden\">\n\n\t\t\t\t\t\t<span class=\"mb-5 lqd-fb-icon d-flex\">\n\t\t\t\t\t\t\t\t\t\t\t\t\t<\/span>\n\n\t\t\t\t\t\t<h2 class=\"lqd-fb__title mt-0 mb-3 font-weight-bold\">Isolamento de uma Cobertura<\/h2>\n\t\t\t\t\t<\/div>\n\n\t\t\t\t<\/div>\n\n\t\t\t\t\t\t\t\t\t<a href=\"https:\/\/obrumsa.com\/es\/isolamento-de-uma-cobertura\/\" class=\"lqd-overlay\"><\/a>\n\t\t\t\t\n\t\t\t<\/div>\n\n\t\t\t\t\t<\/div>\n\t\t\t\t\t\t<\/div>\n\t\t\t\t<\/div>\n\t\t\t\t\t<\/div>\n\t\t<\/div>\n\t\t\t\t\t<\/div>\n\t\t<\/section>\n\t\t\t\t<section class=\"elementor-section elementor-top-section elementor-element elementor-element-652d279 elementor-section-boxed elementor-section-height-default elementor-section-height-default wpr-particle-no wpr-jarallax-no wpr-parallax-no wpr-sticky-section-no\" data-id=\"652d279\" data-element_type=\"section\" data-e-type=\"section\">\n\t\t\t\t\t\t<div class=\"elementor-container elementor-column-gap-default\">\n\t\t\t\t\t<div class=\"elementor-column elementor-col-33 elementor-top-column elementor-element elementor-element-f2bf139\" data-id=\"f2bf139\" data-element_type=\"column\" data-e-type=\"column\">\n\t\t\t<div class=\"elementor-widget-wrap elementor-element-populated\">\n\t\t\t\t\t\t<div class=\"elementor-element elementor-element-2cda497 elementor-widget elementor-widget-ld_content_box\" data-id=\"2cda497\" data-element_type=\"widget\" data-e-type=\"widget\" data-widget_type=\"ld_content_box.default\">\n\t\t\t\t<div class=\"elementor-widget-container\">\n\t\t\t\t\t\n\t\t<div class=\"lqd-fb pos-rel lqd-fb-style-6 border-radius-4 h-pt-125\" data-lqd-zindex=\"true\">\n\t\t\n\t\t\t<div class=\"lqd-fb-shadow\"><\/div>\n\n\t\t\t<div class=\"flex-wrap d-flex align-items-center lqd-overlay\" data-hover3d=\"true\">\n\n\t\t\t\t<div class=\"lqd-fb-content-wrap lqd-overlay flex-column align-items-end transform-style-3d backface-hidden will-change-transform\" data-stacking-factor=\"0.5\">\n\n\t\t\t\t\t<div class=\"overflow-hidden lqd-fb-img lqd-overlay border-radius-4 backface-hidden\">\n\t\t\t\t\t\t<figure class=\"w-100 h-100\">\n\t\t\t\t\t\t\t<img decoding=\"async\" class=\"w-100 h-100 objfit-cover objfit-center\" src=\"https:\/\/obrumsa.com\/wp-content\/uploads\/2025\/01\/4-3.jpg\">\t\t\t\t\t\t<\/figure>\n\t\t\t\t\t\t<div class=\"lqd-fb-bg lqd-overlay\"><\/div>\n\t\t\t\t\t\t<div class=\"lqd-fb-hover-overlay lqd-overlay\"><\/div>\n\t\t\t\t\t<\/div>\n\n\t\t\t\t\t<div class=\"p-4 lqd-fb-content d-flex flex-column justify-content-end lqd-overlay backface-hidden\">\n\n\t\t\t\t\t\t<span class=\"mb-5 lqd-fb-icon d-flex\">\n\t\t\t\t\t\t\t\t\t\t\t\t\t<\/span>\n\n\t\t\t\t\t\t<h2 class=\"lqd-fb__title mt-0 mb-3 font-weight-bold\">Caf\u00e9 em Vidais<\/h2>\n\t\t\t\t\t<\/div>\n\n\t\t\t\t<\/div>\n\n\t\t\t\t\t\t\t\t\t<a href=\"https:\/\/obrumsa.com\/es\/cafe-em-vidais\/\" class=\"lqd-overlay\"><\/a>\n\t\t\t\t\n\t\t\t<\/div>\n\n\t\t\t\t\t<\/div>\n\t\t\t\t\t\t<\/div>\n\t\t\t\t<\/div>\n\t\t\t\t\t<\/div>\n\t\t<\/div>\n\t\t\t\t<div class=\"elementor-column elementor-col-33 elementor-top-column elementor-element elementor-element-88e266a\" data-id=\"88e266a\" data-element_type=\"column\" data-e-type=\"column\">\n\t\t\t<div class=\"elementor-widget-wrap elementor-element-populated\">\n\t\t\t\t\t\t<div class=\"elementor-element elementor-element-7112eda elementor-widget elementor-widget-ld_content_box\" data-id=\"7112eda\" data-element_type=\"widget\" data-e-type=\"widget\" data-widget_type=\"ld_content_box.default\">\n\t\t\t\t<div class=\"elementor-widget-container\">\n\t\t\t\t\t\n\t\t<div class=\"lqd-fb pos-rel lqd-fb-style-6 border-radius-4 h-pt-125\" data-lqd-zindex=\"true\">\n\t\t\n\t\t\t<div class=\"lqd-fb-shadow\"><\/div>\n\n\t\t\t<div class=\"flex-wrap d-flex align-items-center lqd-overlay\" data-hover3d=\"true\">\n\n\t\t\t\t<div class=\"lqd-fb-content-wrap lqd-overlay flex-column align-items-end transform-style-3d backface-hidden will-change-transform\" data-stacking-factor=\"0.5\">\n\n\t\t\t\t\t<div class=\"overflow-hidden lqd-fb-img lqd-overlay border-radius-4 backface-hidden\">\n\t\t\t\t\t\t<figure class=\"w-100 h-100\">\n\t\t\t\t\t\t\t<img decoding=\"async\" class=\"w-100 h-100 objfit-cover objfit-center\" src=\"https:\/\/obrumsa.com\/wp-content\/uploads\/2025\/01\/Cafe-Caldas-Rainha-05.jpg\">\t\t\t\t\t\t<\/figure>\n\t\t\t\t\t\t<div class=\"lqd-fb-bg lqd-overlay\"><\/div>\n\t\t\t\t\t\t<div class=\"lqd-fb-hover-overlay lqd-overlay\"><\/div>\n\t\t\t\t\t<\/div>\n\n\t\t\t\t\t<div class=\"p-4 lqd-fb-content d-flex flex-column justify-content-end lqd-overlay backface-hidden\">\n\n\t\t\t\t\t\t<span class=\"mb-5 lqd-fb-icon d-flex\">\n\t\t\t\t\t\t\t\t\t\t\t\t\t<\/span>\n\n\t\t\t\t\t\t<h2 class=\"lqd-fb__title mt-0 mb-3 font-weight-bold\">Caf\u00e9 nas Caldas da Rainha<\/h2>\n\t\t\t\t\t<\/div>\n\n\t\t\t\t<\/div>\n\n\t\t\t\t\t\t\t\t\t<a href=\"https:\/\/obrumsa.com\/es\/cafe-nas-caldas-da-rainha\/\" class=\"lqd-overlay\"><\/a>\n\t\t\t\t\n\t\t\t<\/div>\n\n\t\t\t\t\t<\/div>\n\t\t\t\t\t\t<\/div>\n\t\t\t\t<\/div>\n\t\t\t\t\t<\/div>\n\t\t<\/div>\n\t\t\t\t<div class=\"elementor-column elementor-col-33 elementor-top-column elementor-element elementor-element-257d51b\" data-id=\"257d51b\" data-element_type=\"column\" data-e-type=\"column\">\n\t\t\t<div class=\"elementor-widget-wrap elementor-element-populated\">\n\t\t\t\t\t\t<div class=\"elementor-element elementor-element-e88fc17 elementor-widget elementor-widget-ld_content_box\" data-id=\"e88fc17\" data-element_type=\"widget\" data-e-type=\"widget\" data-widget_type=\"ld_content_box.default\">\n\t\t\t\t<div class=\"elementor-widget-container\">\n\t\t\t\t\t\n\t\t<div class=\"lqd-fb pos-rel lqd-fb-style-6 border-radius-4 h-pt-125\" data-lqd-zindex=\"true\">\n\t\t\n\t\t\t<div class=\"lqd-fb-shadow\"><\/div>\n\n\t\t\t<div class=\"flex-wrap d-flex align-items-center lqd-overlay\" data-hover3d=\"true\">\n\n\t\t\t\t<div class=\"lqd-fb-content-wrap lqd-overlay flex-column align-items-end transform-style-3d backface-hidden will-change-transform\" data-stacking-factor=\"0.5\">\n\n\t\t\t\t\t<div class=\"overflow-hidden lqd-fb-img lqd-overlay border-radius-4 backface-hidden\">\n\t\t\t\t\t\t<figure class=\"w-100 h-100\">\n\t\t\t\t\t\t\t<img decoding=\"async\" class=\"w-100 h-100 objfit-cover objfit-center\" src=\"https:\/\/obrumsa.com\/wp-content\/uploads\/2025\/01\/2-5.jpg\">\t\t\t\t\t\t<\/figure>\n\t\t\t\t\t\t<div class=\"lqd-fb-bg lqd-overlay\"><\/div>\n\t\t\t\t\t\t<div class=\"lqd-fb-hover-overlay lqd-overlay\"><\/div>\n\t\t\t\t\t<\/div>\n\n\t\t\t\t\t<div class=\"p-4 lqd-fb-content d-flex flex-column justify-content-end lqd-overlay backface-hidden\">\n\n\t\t\t\t\t\t<span class=\"mb-5 lqd-fb-icon d-flex\">\n\t\t\t\t\t\t\t\t\t\t\t\t\t<\/span>\n\n\t\t\t\t\t\t<h2 class=\"lqd-fb__title mt-0 mb-3 font-weight-bold\">Espa\u00e7o pagamento de um Posto<\/h2>\n\t\t\t\t\t<\/div>\n\n\t\t\t\t<\/div>\n\n\t\t\t\t\t\t\t\t\t<a href=\"https:\/\/obrumsa.com\/es\/espaco-pagamento-de-um-posto\/\" class=\"lqd-overlay\"><\/a>\n\t\t\t\t\n\t\t\t<\/div>\n\n\t\t\t\t\t<\/div>\n\t\t\t\t\t\t<\/div>\n\t\t\t\t<\/div>\n\t\t\t\t\t<\/div>\n\t\t<\/div>\n\t\t\t\t\t<\/div>\n\t\t<\/section>\n\t\t\t\t<section class=\"elementor-section elementor-top-section elementor-element elementor-element-e742381 elementor-section-boxed elementor-section-height-default elementor-section-height-default wpr-particle-no wpr-jarallax-no wpr-parallax-no wpr-sticky-section-no\" data-id=\"e742381\" data-element_type=\"section\" data-e-type=\"section\">\n\t\t\t\t\t\t<div class=\"elementor-container elementor-column-gap-default\">\n\t\t\t\t\t<div class=\"elementor-column elementor-col-33 elementor-top-column elementor-element elementor-element-9913ea3\" data-id=\"9913ea3\" data-element_type=\"column\" data-e-type=\"column\">\n\t\t\t<div class=\"elementor-widget-wrap elementor-element-populated\">\n\t\t\t\t\t\t<div class=\"elementor-element elementor-element-8d7365e elementor-widget elementor-widget-ld_content_box\" data-id=\"8d7365e\" data-element_type=\"widget\" data-e-type=\"widget\" data-widget_type=\"ld_content_box.default\">\n\t\t\t\t<div class=\"elementor-widget-container\">\n\t\t\t\t\t\n\t\t<div class=\"lqd-fb pos-rel lqd-fb-style-6 border-radius-4 h-pt-125\" data-lqd-zindex=\"true\">\n\t\t\n\t\t\t<div class=\"lqd-fb-shadow\"><\/div>\n\n\t\t\t<div class=\"flex-wrap d-flex align-items-center lqd-overlay\" data-hover3d=\"true\">\n\n\t\t\t\t<div class=\"lqd-fb-content-wrap lqd-overlay flex-column align-items-end transform-style-3d backface-hidden will-change-transform\" data-stacking-factor=\"0.5\">\n\n\t\t\t\t\t<div class=\"overflow-hidden lqd-fb-img lqd-overlay border-radius-4 backface-hidden\">\n\t\t\t\t\t\t<figure class=\"w-100 h-100\">\n\t\t\t\t\t\t\t<img decoding=\"async\" class=\"w-100 h-100 objfit-cover objfit-center\" src=\"https:\/\/obrumsa.com\/wp-content\/uploads\/2025\/01\/Postos-Combustiveis.jpg\">\t\t\t\t\t\t<\/figure>\n\t\t\t\t\t\t<div class=\"lqd-fb-bg lqd-overlay\"><\/div>\n\t\t\t\t\t\t<div class=\"lqd-fb-hover-overlay lqd-overlay\"><\/div>\n\t\t\t\t\t<\/div>\n\n\t\t\t\t\t<div class=\"p-4 lqd-fb-content d-flex flex-column justify-content-end lqd-overlay backface-hidden\">\n\n\t\t\t\t\t\t<span class=\"mb-5 lqd-fb-icon d-flex\">\n\t\t\t\t\t\t\t\t\t\t\t\t\t<\/span>\n\n\t\t\t\t\t\t<h2 class=\"lqd-fb__title mt-0 mb-3 font-weight-bold\">Postos combustiveis<\/h2>\n\t\t\t\t\t<\/div>\n\n\t\t\t\t<\/div>\n\n\t\t\t\t\t\t\t\t\t<a href=\"https:\/\/obrumsa.com\/es\/postos-combustiveis\/\" class=\"lqd-overlay\"><\/a>\n\t\t\t\t\n\t\t\t<\/div>\n\n\t\t\t\t\t<\/div>\n\t\t\t\t\t\t<\/div>\n\t\t\t\t<\/div>\n\t\t\t\t\t<\/div>\n\t\t<\/div>\n\t\t\t\t<div class=\"elementor-column elementor-col-33 elementor-top-column elementor-element elementor-element-ee89f7f\" data-id=\"ee89f7f\" data-element_type=\"column\" data-e-type=\"column\">\n\t\t\t<div class=\"elementor-widget-wrap elementor-element-populated\">\n\t\t\t\t\t\t<div class=\"elementor-element elementor-element-e219f74 elementor-widget elementor-widget-ld_content_box\" data-id=\"e219f74\" data-element_type=\"widget\" data-e-type=\"widget\" data-widget_type=\"ld_content_box.default\">\n\t\t\t\t<div class=\"elementor-widget-container\">\n\t\t\t\t\t\n\t\t<div class=\"lqd-fb pos-rel lqd-fb-style-6 border-radius-4 h-pt-125\" data-lqd-zindex=\"true\">\n\t\t\n\t\t\t<div class=\"lqd-fb-shadow\"><\/div>\n\n\t\t\t<div class=\"flex-wrap d-flex align-items-center lqd-overlay\" data-hover3d=\"true\">\n\n\t\t\t\t<div class=\"lqd-fb-content-wrap lqd-overlay flex-column align-items-end transform-style-3d backface-hidden will-change-transform\" data-stacking-factor=\"0.5\">\n\n\t\t\t\t\t<div class=\"overflow-hidden lqd-fb-img lqd-overlay border-radius-4 backface-hidden\">\n\t\t\t\t\t\t<figure class=\"w-100 h-100\">\n\t\t\t\t\t\t\t<img decoding=\"async\" class=\"w-100 h-100 objfit-cover objfit-center\" src=\"https:\/\/obrumsa.com\/wp-content\/uploads\/2025\/01\/9-5.jpg\">\t\t\t\t\t\t<\/figure>\n\t\t\t\t\t\t<div class=\"lqd-fb-bg lqd-overlay\"><\/div>\n\t\t\t\t\t\t<div class=\"lqd-fb-hover-overlay lqd-overlay\"><\/div>\n\t\t\t\t\t<\/div>\n\n\t\t\t\t\t<div class=\"p-4 lqd-fb-content d-flex flex-column justify-content-end lqd-overlay backface-hidden\">\n\n\t\t\t\t\t\t<span class=\"mb-5 lqd-fb-icon d-flex\">\n\t\t\t\t\t\t\t\t\t\t\t\t\t<\/span>\n\n\t\t\t\t\t\t<h2 class=\"lqd-fb__title mt-0 mb-3 font-weight-bold\">Coberturas - Palas<\/h2>\n\t\t\t\t\t<\/div>\n\n\t\t\t\t<\/div>\n\n\t\t\t\t\t\t\t\t\t<a href=\"https:\/\/obrumsa.com\/es\/coberturas-palas\/\" class=\"lqd-overlay\"><\/a>\n\t\t\t\t\n\t\t\t<\/div>\n\n\t\t\t\t\t<\/div>\n\t\t\t\t\t\t<\/div>\n\t\t\t\t<\/div>\n\t\t\t\t\t<\/div>\n\t\t<\/div>\n\t\t\t\t<div class=\"elementor-column elementor-col-33 elementor-top-column elementor-element elementor-element-a214264\" data-id=\"a214264\" data-element_type=\"column\" data-e-type=\"column\">\n\t\t\t<div class=\"elementor-widget-wrap elementor-element-populated\">\n\t\t\t\t\t\t<div class=\"elementor-element elementor-element-5d25063 elementor-widget elementor-widget-ld_content_box\" data-id=\"5d25063\" data-element_type=\"widget\" data-e-type=\"widget\" data-widget_type=\"ld_content_box.default\">\n\t\t\t\t<div class=\"elementor-widget-container\">\n\t\t\t\t\t\n\t\t<div class=\"lqd-fb pos-rel lqd-fb-style-6 border-radius-4 h-pt-125\" data-lqd-zindex=\"true\">\n\t\t\n\t\t\t<div class=\"lqd-fb-shadow\"><\/div>\n\n\t\t\t<div class=\"flex-wrap d-flex align-items-center lqd-overlay\" data-hover3d=\"true\">\n\n\t\t\t\t<div class=\"lqd-fb-content-wrap lqd-overlay flex-column align-items-end transform-style-3d backface-hidden will-change-transform\" data-stacking-factor=\"0.5\">\n\n\t\t\t\t\t<div class=\"overflow-hidden lqd-fb-img lqd-overlay border-radius-4 backface-hidden\">\n\t\t\t\t\t\t<figure class=\"w-100 h-100\">\n\t\t\t\t\t\t\t<img decoding=\"async\" class=\"w-100 h-100 objfit-cover objfit-center\" src=\"https:\/\/obrumsa.com\/wp-content\/uploads\/2025\/01\/7-7.jpg\">\t\t\t\t\t\t<\/figure>\n\t\t\t\t\t\t<div class=\"lqd-fb-bg lqd-overlay\"><\/div>\n\t\t\t\t\t\t<div class=\"lqd-fb-hover-overlay lqd-overlay\"><\/div>\n\t\t\t\t\t<\/div>\n\n\t\t\t\t\t<div class=\"p-4 lqd-fb-content d-flex flex-column justify-content-end lqd-overlay backface-hidden\">\n\n\t\t\t\t\t\t<span class=\"mb-5 lqd-fb-icon d-flex\">\n\t\t\t\t\t\t\t\t\t\t\t\t\t<\/span>\n\n\t\t\t\t\t\t<h2 class=\"lqd-fb__title mt-0 mb-3 font-weight-bold\">Pinturas de piso exterior<\/h2>\n\t\t\t\t\t<\/div>\n\n\t\t\t\t<\/div>\n\n\t\t\t\t\t\t\t\t\t<a href=\"https:\/\/obrumsa.com\/es\/pinturas-de-piso-exterior\/\" class=\"lqd-overlay\"><\/a>\n\t\t\t\t\n\t\t\t<\/div>\n\n\t\t\t\t\t<\/div>\n\t\t\t\t\t\t<\/div>\n\t\t\t\t<\/div>\n\t\t\t\t\t<\/div>\n\t\t<\/div>\n\t\t\t\t\t<\/div>\n\t\t<\/section>\n\t\t\t\t<\/div>","protected":false},"excerpt":{"rendered":"<p>Portfolio Caf\u00e9 &#8211; Minimercado em Arruda dos Vinhos Loja comercial em Alverca Isolamento de uma Cobertura Caf\u00e9 em Vidais Caf\u00e9 nas Caldas da Rainha Espa\u00e7o pagamento de um Posto Postos combustiveis Coberturas &#8211; Palas Pinturas de piso exterior<\/p>","protected":false},"author":1,"featured_media":0,"parent":0,"menu_order":0,"comment_status":"closed","ping_status":"closed","template":"","meta":{"footnotes":""},"class_list":["post-3053","page","type-page","status-publish","hentry"],"aioseo_notices":[],"_links":{"self":[{"href":"https:\/\/obrumsa.com\/es\/wp-json\/wp\/v2\/pages\/3053","targetHints":{"allow":["GET"]}}],"collection":[{"href":"https:\/\/obrumsa.com\/es\/wp-json\/wp\/v2\/pages"}],"about":[{"href":"https:\/\/obrumsa.com\/es\/wp-json\/wp\/v2\/types\/page"}],"author":[{"embeddable":true,"href":"https:\/\/obrumsa.com\/es\/wp-json\/wp\/v2\/users\/1"}],"replies":[{"embeddable":true,"href":"https:\/\/obrumsa.com\/es\/wp-json\/wp\/v2\/comments?post=3053"}],"version-history":[{"count":50,"href":"https:\/\/obrumsa.com\/es\/wp-json\/wp\/v2\/pages\/3053\/revisions"}],"predecessor-version":[{"id":3362,"href":"https:\/\/obrumsa.com\/es\/wp-json\/wp\/v2\/pages\/3053\/revisions\/3362"}],"wp:attachment":[{"href":"https:\/\/obrumsa.com\/es\/wp-json\/wp\/v2\/media?parent=3053"}],"curies":[{"name":"wp","href":"https:\/\/api.w.org\/{rel}","templated":true}]}}