{"id":449,"date":"2021-08-25T12:32:09","date_gmt":"2021-08-25T12:32:09","guid":{"rendered":"https:\/\/architecturehub.liquid-themes.com\/elementor\/?page_id=449"},"modified":"2024-02-21T16:33:58","modified_gmt":"2024-02-21T16:33:58","slug":"blog","status":"publish","type":"page","link":"https:\/\/obrumsa.com\/es\/blog\/","title":{"rendered":"Blog"},"content":{"rendered":"<div data-elementor-type=\"wp-page\" data-elementor-id=\"449\" class=\"elementor elementor-449\">\n\t\t\t\t\t\t<section data-section-luminosity=\"dark\" class=\"elementor-section elementor-top-section elementor-element elementor-element-c0e1fb9 elementor-section-boxed elementor-section-height-default elementor-section-height-default wpr-particle-no wpr-jarallax-no wpr-parallax-no wpr-sticky-section-no\" data-id=\"c0e1fb9\" data-element_type=\"section\" data-e-type=\"section\" data-settings=\"{&quot;background_background&quot;:&quot;classic&quot;}\">\n\t\t\t\t\t\t\t<div class=\"elementor-background-overlay\"><\/div>\n\t\t\t\t\t\t\t<div class=\"elementor-container elementor-column-gap-default\">\n\t\t\t\t\t<div class=\"elementor-column elementor-col-100 elementor-top-column elementor-element elementor-element-92b718e\" data-id=\"92b718e\" data-element_type=\"column\" data-e-type=\"column\">\n\t\t\t<div class=\"elementor-widget-wrap elementor-element-populated\">\n\t\t\t\t\t\t<div class=\"elementor-element elementor-element-65f17c6 elementor-widget elementor-widget-hub_fancy_heading\" data-id=\"65f17c6\" data-element_type=\"widget\" data-e-type=\"widget\" data-widget_type=\"hub_fancy_heading.default\">\n\t\t\t\t<div class=\"elementor-widget-container\">\n\t\t\t\t\t\n\t\t<div id=\"ld-fancy-heading-69e171208c332\" class=\"ld-fancy-heading pos-rel\">\n\t\t\t<h1 class=\"ld-fh-element d-inline-block pos-rel  elementor-heading-title lqd-highlight-classic lqd-highlight-grow-left h4\"  > Blog<\/h1>\t\t<\/div>\n\n\t\t\t\t\t\t<\/div>\n\t\t\t\t<\/div>\n\t\t\t\t\t<\/div>\n\t\t<\/div>\n\t\t\t\t\t<\/div>\n\t\t<\/section>\n\t\t\t\t<section class=\"elementor-section elementor-top-section elementor-element elementor-element-a5ed783 elementor-section-boxed elementor-section-height-default elementor-section-height-default wpr-particle-no wpr-jarallax-no wpr-parallax-no wpr-sticky-section-no\" data-id=\"a5ed783\" data-element_type=\"section\" data-e-type=\"section\">\n\t\t\t\t\t\t<div class=\"elementor-container elementor-column-gap-default\">\n\t\t\t\t\t<div class=\"elementor-column elementor-col-100 elementor-top-column elementor-element elementor-element-a707637\" data-id=\"a707637\" data-element_type=\"column\" data-e-type=\"column\">\n\t\t\t<div class=\"elementor-widget-wrap elementor-element-populated\">\n\t\t\t\t\t\t<section class=\"elementor-section elementor-inner-section elementor-element elementor-element-8f2ef9a elementor-section-boxed elementor-section-height-default elementor-section-height-default wpr-particle-no wpr-jarallax-no wpr-parallax-no wpr-sticky-section-no\" data-id=\"8f2ef9a\" data-element_type=\"section\" data-e-type=\"section\">\n\t\t\t\t\t\t<div class=\"elementor-container elementor-column-gap-default\">\n\t\t\t\t\t<div class=\"elementor-column elementor-col-100 elementor-inner-column elementor-element elementor-element-6f5c146\" data-id=\"6f5c146\" data-element_type=\"column\" data-e-type=\"column\">\n\t\t\t<div class=\"elementor-widget-wrap\">\n\t\t\t\t\t\t\t<\/div>\n\t\t<\/div>\n\t\t\t\t\t<\/div>\n\t\t<\/section>\n\t\t\t\t<div class=\"elementor-element elementor-element-384bb7f elementor-widget elementor-widget-ld_blog\" data-id=\"384bb7f\" data-element_type=\"widget\" data-e-type=\"widget\" data-widget_type=\"ld_blog.default\">\n\t\t\t\t<div class=\"elementor-widget-container\">\n\t\t\t\t\t<div class=\"lqd-lp-grid 384bb7f blog-id-59030399\"><div class=\"lqd-lp-row row pos-rel d-flex flex-wrap\" ><div class=\"lqd-lp-column d-flex flex-column col-md-4 col-sm-6 publicacoes\"><article id=\"post-218\" class=\"lqd-lp pos-rel lqd-lp-style-10 lqd-lp-content-overlay lqd-lp-img-cover d-flex flex-wrap border-radius-4 overflow-hidden h-pt-80 lqd-lp-hover-img-zoom text-start post-218 post type-post status-publish format-standard has-post-thumbnail hentry category-publicacoes\">\n<div class=\"lqd-lp-img lqd-overlay\"><figure class=\"pos-rel w-100 h-100\"><img fetchpriority=\"high\" decoding=\"async\" width=\"1250\" height=\"700\" src=\"https:\/\/obrumsa.com\/wp-content\/uploads\/2024\/01\/obrumsa-remodelacoes-1250x700.jpg\" class=\"w-100 h-100 objfit-cover objfit-center wp-post-image\" alt=\"Remodela\u00e7\u00f5es\" itemprop=\"image\" \/><\/figure><\/div>\n<header class=\"lqd-lp-header lqd-overlay d-flex flex-column justify-content-between p-4\">\n\n\t<div class=\"lqd-lp-content-bg lqd-overlay\"><\/div>\n\t<div class=\"lqd-lp-header-top\">\n\t\t<div class=\"lqd-lp-meta text-uppercase ltr-sp-1 font-weight-bold pos-rel z-index-3\">\n\t\t\t\t\t<\/div>\n\t<\/div>\n\n\t<div class=\"lqd-lp-header-bottom pos-rel\">\n\n\t\t<time class=\"lqd-lp-date text-uppercase ltr-sp-1 font-weight-bold\" datetime=\"2021-08-24T07:08:34+00:00\">24 de agosto, 2021<\/time>\n\t\t\n\t\t\n\t\t<h2 class=\"entry-title lqd-lp-title mt-2 mb-0 h5\"><a  href=\"https:\/\/obrumsa.com\/es\/orcamentacao-na-construcao-civil-o-segredo-para-projetos-bem-sucedidos\/\" rel=\"bookmark\">Presupuestos en la construcci\u00f3n: El secreto del \u00e9xito de los proyectos<\/a><\/h2>\t\t\n\t<\/div>\n\n<\/header>\n\n<a  href=\"https:\/\/obrumsa.com\/es\/orcamentacao-na-construcao-civil-o-segredo-para-projetos-bem-sucedidos\/\" class=\"lqd-lp-overlay-link lqd-overlay lqd-cc-label-trigger z-index-2\" tab-index=\"-1\"><\/a><\/article><\/div><div class=\"lqd-lp-column d-flex flex-column col-md-4 col-sm-6 publicacoes\"><article id=\"post-214\" class=\"lqd-lp pos-rel lqd-lp-style-10 lqd-lp-content-overlay lqd-lp-img-cover d-flex flex-wrap border-radius-4 overflow-hidden h-pt-80 lqd-lp-hover-img-zoom text-start post-214 post type-post status-publish format-standard has-post-thumbnail hentry category-publicacoes\">\n<div class=\"lqd-lp-img lqd-overlay\"><figure class=\"pos-rel w-100 h-100\"><img decoding=\"async\" width=\"1250\" height=\"700\" src=\"data:image\/svg+xml;charset=utf-8,%3Csvg xmlns%3D&#039;http%3A%2F%2Fwww.w3.org%2F2000%2Fsvg&#039; viewBox%3D&#039;0 0 1250 700&#039;%2F%3E\" class=\"w-100 h-100 objfit-cover objfit-center ld-lazyload wp-post-image\" alt=\"Planear o Or\u00e7amento: Fatores-Chave na Constru\u00e7\u00e3o de Moradias\" itemprop=\"image\" data-src=\"https:\/\/obrumsa.com\/wp-content\/uploads\/2021\/08\/Planear-o-Orcamento-Fatores-Chave-na-Construcao-de-Moradias-1250x700.jpg\" data-aspect=\"1.7857142857143\" \/><\/figure><\/div>\n<header class=\"lqd-lp-header lqd-overlay d-flex flex-column justify-content-between p-4\">\n\n\t<div class=\"lqd-lp-content-bg lqd-overlay\"><\/div>\n\t<div class=\"lqd-lp-header-top\">\n\t\t<div class=\"lqd-lp-meta text-uppercase ltr-sp-1 font-weight-bold pos-rel z-index-3\">\n\t\t\t\t\t<\/div>\n\t<\/div>\n\n\t<div class=\"lqd-lp-header-bottom pos-rel\">\n\n\t\t<time class=\"lqd-lp-date text-uppercase ltr-sp-1 font-weight-bold\" datetime=\"2021-08-24T07:07:28+00:00\">24 de agosto, 2021<\/time>\n\t\t\n\t\t\n\t\t<h2 class=\"entry-title lqd-lp-title mt-2 mb-0 h5\"><a  href=\"https:\/\/obrumsa.com\/es\/planear-o-orcamento-fatores-chave-na-construcao-de-moradias\/\" rel=\"bookmark\">Planificar el presupuesto: factores clave en la construcci\u00f3n de viviendas<\/a><\/h2>\t\t\n\t<\/div>\n\n<\/header>\n\n<a  href=\"https:\/\/obrumsa.com\/es\/planear-o-orcamento-fatores-chave-na-construcao-de-moradias\/\" class=\"lqd-lp-overlay-link lqd-overlay lqd-cc-label-trigger z-index-2\" tab-index=\"-1\"><\/a><\/article><\/div><div class=\"lqd-lp-column d-flex flex-column col-md-4 col-sm-6 publicacoes\"><article id=\"post-206\" class=\"lqd-lp pos-rel lqd-lp-style-10 lqd-lp-content-overlay lqd-lp-img-cover d-flex flex-wrap border-radius-4 overflow-hidden h-pt-80 lqd-lp-hover-img-zoom text-start post-206 post type-post status-publish format-standard has-post-thumbnail hentry category-publicacoes tag-event\">\n<div class=\"lqd-lp-img lqd-overlay\"><figure class=\"pos-rel w-100 h-100\"><img decoding=\"async\" width=\"1250\" height=\"700\" src=\"data:image\/svg+xml;charset=utf-8,%3Csvg xmlns%3D&#039;http%3A%2F%2Fwww.w3.org%2F2000%2Fsvg&#039; viewBox%3D&#039;0 0 1250 700&#039;%2F%3E\" class=\"w-100 h-100 objfit-cover objfit-center ld-lazyload wp-post-image\" alt=\"Obrumsa Constru\u00e7\u00f5es\" itemprop=\"image\" data-src=\"https:\/\/obrumsa.com\/wp-content\/uploads\/2024\/01\/apresentacao-moderna-1250x700.jpg\" data-aspect=\"1.7857142857143\" \/><\/figure><\/div>\n<header class=\"lqd-lp-header lqd-overlay d-flex flex-column justify-content-between p-4\">\n\n\t<div class=\"lqd-lp-content-bg lqd-overlay\"><\/div>\n\t<div class=\"lqd-lp-header-top\">\n\t\t<div class=\"lqd-lp-meta text-uppercase ltr-sp-1 font-weight-bold pos-rel z-index-3\">\n\t\t\t\t\t<\/div>\n\t<\/div>\n\n\t<div class=\"lqd-lp-header-bottom pos-rel\">\n\n\t\t<time class=\"lqd-lp-date text-uppercase ltr-sp-1 font-weight-bold\" datetime=\"2021-08-24T07:05:57+00:00\">24 de agosto, 2021<\/time>\n\t\t\n\t\t\n\t\t<h2 class=\"entry-title lqd-lp-title mt-2 mb-0 h5\"><a  href=\"https:\/\/obrumsa.com\/es\/interiores-renovados-uma-nova-vida-para-a-sua-casa\/\" rel=\"bookmark\">Interiores renovados: Una nueva vida para su hogar<\/a><\/h2>\t\t\n\t<\/div>\n\n<\/header>\n\n<a  href=\"https:\/\/obrumsa.com\/es\/interiores-renovados-uma-nova-vida-para-a-sua-casa\/\" class=\"lqd-lp-overlay-link lqd-overlay lqd-cc-label-trigger z-index-2\" tab-index=\"-1\"><\/a><\/article><\/div><\/div><!--\/ .row --><\/div><!--\/ .lqd-lp-grid -->\t\t\t\t<\/div>\n\t\t\t\t<\/div>\n\t\t\t\t\t<\/div>\n\t\t<\/div>\n\t\t\t\t\t<\/div>\n\t\t<\/section>\n\t\t\t\t<\/div>","protected":false},"excerpt":{"rendered":"<p>Blog 24 de Agosto, 2021 Or\u00e7amenta\u00e7\u00e3o na Constru\u00e7\u00e3o Civil: O Segredo para Projetos Bem-Sucedidos 24 de Agosto, 2021 Planear o Or\u00e7amento: Fatores-Chave na Constru\u00e7\u00e3o de Moradias 24 de Agosto, 2021 Interiores Renovados: Uma Nova Vida para a Sua Casa<\/p>","protected":false},"author":1,"featured_media":0,"parent":0,"menu_order":0,"comment_status":"closed","ping_status":"closed","template":"","meta":{"footnotes":""},"class_list":["post-449","page","type-page","status-publish","hentry"],"aioseo_notices":[],"_links":{"self":[{"href":"https:\/\/obrumsa.com\/es\/wp-json\/wp\/v2\/pages\/449","targetHints":{"allow":["GET"]}}],"collection":[{"href":"https:\/\/obrumsa.com\/es\/wp-json\/wp\/v2\/pages"}],"about":[{"href":"https:\/\/obrumsa.com\/es\/wp-json\/wp\/v2\/types\/page"}],"author":[{"embeddable":true,"href":"https:\/\/obrumsa.com\/es\/wp-json\/wp\/v2\/users\/1"}],"replies":[{"embeddable":true,"href":"https:\/\/obrumsa.com\/es\/wp-json\/wp\/v2\/comments?post=449"}],"version-history":[{"count":15,"href":"https:\/\/obrumsa.com\/es\/wp-json\/wp\/v2\/pages\/449\/revisions"}],"predecessor-version":[{"id":2912,"href":"https:\/\/obrumsa.com\/es\/wp-json\/wp\/v2\/pages\/449\/revisions\/2912"}],"wp:attachment":[{"href":"https:\/\/obrumsa.com\/es\/wp-json\/wp\/v2\/media?parent=449"}],"curies":[{"name":"wp","href":"https:\/\/api.w.org\/{rel}","templated":true}]}}