{"id":508,"date":"2021-08-25T13:33:02","date_gmt":"2021-08-25T13:33:02","guid":{"rendered":"https:\/\/architecturehub.liquid-themes.com\/elementor\/?page_id=508"},"modified":"2024-01-11T10:00:06","modified_gmt":"2024-01-11T10:00:06","slug":"projetos","status":"publish","type":"page","link":"https:\/\/obrumsa.com\/es\/projetos\/","title":{"rendered":"Proyectos"},"content":{"rendered":"<div data-elementor-type=\"wp-page\" data-elementor-id=\"508\" class=\"elementor elementor-508\">\n\t\t\t\t\t\t<section class=\"elementor-section elementor-top-section elementor-element elementor-element-73603eb elementor-section-boxed elementor-section-height-default elementor-section-height-default wpr-particle-no wpr-jarallax-no wpr-parallax-no wpr-sticky-section-no\" data-id=\"73603eb\" data-element_type=\"section\" data-e-type=\"section\" data-settings=\"{&quot;background_background&quot;:&quot;classic&quot;}\">\n\t\t\t\t\t\t<div class=\"elementor-container elementor-column-gap-default\">\n\t\t\t\t\t<div class=\"elementor-column elementor-col-100 elementor-top-column elementor-element elementor-element-44b6d58\" data-id=\"44b6d58\" data-element_type=\"column\" data-e-type=\"column\">\n\t\t\t<div class=\"elementor-widget-wrap elementor-element-populated\">\n\t\t\t\t\t\t<section class=\"elementor-section elementor-inner-section elementor-element elementor-element-7ceab62 elementor-section-boxed elementor-section-height-default elementor-section-height-default wpr-particle-no wpr-jarallax-no wpr-parallax-no wpr-sticky-section-no\" data-id=\"7ceab62\" data-element_type=\"section\" data-e-type=\"section\">\n\t\t\t\t\t\t<div class=\"elementor-container elementor-column-gap-default\">\n\t\t\t\t\t<div class=\"elementor-column elementor-col-100 elementor-inner-column elementor-element elementor-element-7e656d3\" data-id=\"7e656d3\" data-element_type=\"column\" data-e-type=\"column\">\n\t\t\t<div class=\"elementor-widget-wrap elementor-element-populated\">\n\t\t\t\t\t\t<div class=\"elementor-element elementor-element-fe107f4 elementor-widget elementor-widget-hub_fancy_heading\" data-id=\"fe107f4\" data-element_type=\"widget\" data-e-type=\"widget\" data-widget_type=\"hub_fancy_heading.default\">\n\t\t\t\t<div class=\"elementor-widget-container\">\n\t\t\t\t\t\n\t\t<div id=\"ld-fancy-heading-69e191e5ec358\" class=\"ld-fancy-heading pos-rel\">\n\t\t\t<h1 class=\"ld-fh-element d-inline-block pos-rel  elementor-heading-title lqd-highlight-classic lqd-highlight-grow-left h2\"  > Proyectos<\/h1>\t\t<\/div>\n\n\t\t\t\t\t\t<\/div>\n\t\t\t\t<\/div>\n\t\t\t\t\t<\/div>\n\t\t<\/div>\n\t\t\t\t\t<\/div>\n\t\t<\/section>\n\t\t\t\t\t<\/div>\n\t\t<\/div>\n\t\t\t\t\t<\/div>\n\t\t<\/section>\n\t\t\t\t<section class=\"elementor-section elementor-top-section elementor-element elementor-element-5ccb8bc elementor-section-boxed elementor-section-height-default elementor-section-height-default wpr-particle-no wpr-jarallax-no wpr-parallax-no wpr-sticky-section-no\" data-id=\"5ccb8bc\" data-element_type=\"section\" data-e-type=\"section\">\n\t\t\t\t\t\t<div class=\"elementor-container elementor-column-gap-default\">\n\t\t\t\t\t<div class=\"elementor-column elementor-col-100 elementor-top-column elementor-element elementor-element-ca2102f\" data-id=\"ca2102f\" data-element_type=\"column\" data-e-type=\"column\">\n\t\t\t<div class=\"elementor-widget-wrap elementor-element-populated\">\n\t\t\t\t\t\t<div class=\"elementor-element elementor-element-106cc89 elementor-widget elementor-widget-ld_portfolio\" data-id=\"106cc89\" data-element_type=\"widget\" data-e-type=\"widget\" data-widget_type=\"ld_portfolio.default\">\n\t\t\t\t<div class=\"elementor-widget-container\">\n\t\t\t\t\t<div class=\"lqd-pf-grid lqd-pf-grid-106cc89\">\t\t\t\r\n<div class=\"liquid-filter-items align-items-center justify-content-between\">\t\r\n\t<div class=\"liquid-filter-items-inner flex-grow-1\">\r\n\t\t\r\n\t\t\t\t\t<span class=\"liquid-filter-items-label  size-lg\">Filter by<\/span>\r\n\t\t\r\n\t\t<ul class=\"filter-list filter-list-inline       d-flex align-items-center hidden-xs hidden-sm\" id=\"lqd-pf-filter-6126469515f2d\">\r\n\t\t\t<li class=\"active\" data-filter=\"*\"><span>All<\/span><\/li>\r\n\t\t\t<li data-filter=\".lqd-f-8\"><span>Arquitetura<\/span><\/li><li data-filter=\".lqd-f-7\"><span>Constru\u00e7\u00e3o Civil<\/span><\/li><li data-filter=\".lqd-f-9\"><span>Engenharia<\/span><\/li><li data-filter=\".lqd-f-15\"><span>Rehabilitaci\u00f3n<\/span><\/li><li data-filter=\".lqd-f-11\"><span>Reformar<\/span><\/li>\t\t<\/ul>\r\n\r\n\t\t<div class=\"lqd-filter-dropdown visible-xs visible-sm\" data-form-options='{ \"dropdownAppendTo\": \"self\" }'>\r\n\t\t\t<select name=\"lqd-filter-dropdown-lqd-pf-filter-6126469515f2d\" id=\"lqd-filter-dropdown-lqd-pf-filter-6126469515f2d\">\r\n\t\t\t\t<option selected data-filter=\"*\" value=\"*\">All<\/option>\r\n\t\t\t\t<option data-filter=\".lqd-f-8\" value=\".lqd-f-8\">Arquitetura<\/option><option data-filter=\".lqd-f-7\" value=\".lqd-f-7\">Constru\u00e7\u00e3o Civil<\/option><option data-filter=\".lqd-f-9\" value=\".lqd-f-9\">Engenharia<\/option><option data-filter=\".lqd-f-15\" value=\".lqd-f-15\">Rehabilitaci\u00f3n<\/option><option data-filter=\".lqd-f-11\" value=\".lqd-f-11\">Reformar<\/option>\t\t\t<\/select>\r\n\t\t<\/div>\r\n\t\t\t\r\n\t\t\t\t<a  href=\"#\" class=\"elementor-button btn ws-nowrap btn-naked btn-icon-right btn-has-label\" >\n\t\t\t\t\t\t\t<span class=\"btn-txt\" data-text=\"See more\" >See more<\/span>\n\t\t\t\t\t\t<span class=\"btn-icon\"><i class=\"lqd-icn-ess icon-md-arrow-forward\"><\/i><\/span>\t\t<\/a>\n\t\t\t\t\t\t\t\t\r\n\t\t\t\r\n\t<\/div>\r\n<\/div><div id=\"lqd-pf-grid-106cc89\" class=\"lqd-pf-row row d-flex flex-wrap lqd-pf-grid-106cc89\" data-liquid-masonry=\"true\" data-masonry-options='{ \"layoutMode\": \"packery\", \"filtersID\": \"#lqd-pf-filter-6126469515f2d\" }'><div class=\"lqd-pf-column col-md-4 col-sm-6 col-xs-12 col-sm-6 col-xs-12 masonry-item construcao-civil remodelacao lqd-f-7 lqd-f-11\">\n\n\t<article id=\"post-362\" class=\"lqd-pf-item lqd-pf-item-style-6 border-radius-6 p-3 pt-4 lqd-pf-dark post-362 liquid-portfolio type-liquid-portfolio status-publish format-standard has-post-thumbnail hentry liquid-portfolio-category-construcao-civil liquid-portfolio-category-remodelacao\">\n\t\t<div class=\"lqd-pf-item-inner\">\n\n\t\t\t<div class=\"lqd-pf-img mb-3 pos-rel border-radius-10 overflow-hidden\">\n\t\t\t\t<figure>\n\t\t\t\t\t<figure class=\"w-100\"><img fetchpriority=\"high\" decoding=\"async\" width=\"800\" height=\"564\" src=\"https:\/\/obrumsa.com\/wp-content\/uploads\/2021\/08\/Rectangle@2x1.jpg\" class=\"w-100 wp-post-image\" alt=\"\" srcset=\"https:\/\/obrumsa.com\/wp-content\/uploads\/2021\/08\/Rectangle@2x1.jpg 800w, https:\/\/obrumsa.com\/wp-content\/uploads\/2021\/08\/Rectangle@2x1-300x212.jpg 300w\" sizes=\"(max-width: 800px) 100vw, 800px\" itemprop=\"image\" \/><\/figure>\t\t\t\t<\/figure>\n\t\t\t\t<span class=\"lqd-pf-overlay-bg lqd-overlay d-flex align-items-center justify-content-center\">\n\t\t\t\t<\/span>\n\t\t\t<\/div>\n\n\t\t\t<div class=\"lqd-pf-details\">\n\t\t\t\t<div class=\"d-flex justify-content-between\">\n\t\t\t\t\t\t\t\t\t\t<h2 class=\"lqd-pf-title mt-0 align-items-center\">Modern Architecture<\/h2>\t\t\t\t\t\t\t\t\t<\/div>\n\t\t\t\t<ul class=\"reset-ul inline-nav lqd-pf-cat d-inline-flex pos-rel z-index-2\"><li><a href=\"https:\/\/obrumsa.com\/es\/portfolio-category\/construcao-civil\/\">Constru\u00e7\u00e3o Civil<\/a><\/li><\/ul>\t\t\t<\/div>\n\n\t\t\t<a href=\"https:\/\/obrumsa.com\/es\/portfolio\/modern-architecture\/\"  class=\"lqd-overlay lqd-pf-overlay-link lqd-cc-icon-trigger\" ><\/a>\n\t\t<\/div>\n\t<\/article>\n\n<\/div><div class=\"lqd-pf-column col-md-4 col-sm-6 col-xs-12 col-sm-6 col-xs-12 masonry-item arquitetura lqd-f-8\">\n\n\t<article id=\"post-352\" class=\"lqd-pf-item lqd-pf-item-style-6 border-radius-6 p-3 pt-4 lqd-pf-dark post-352 liquid-portfolio type-liquid-portfolio status-publish format-standard has-post-thumbnail hentry liquid-portfolio-category-arquitetura\">\n\t\t<div class=\"lqd-pf-item-inner\">\n\n\t\t\t<div class=\"lqd-pf-img mb-3 pos-rel border-radius-10 overflow-hidden\">\n\t\t\t\t<figure>\n\t\t\t\t\t<figure class=\"w-100\"><img decoding=\"async\" width=\"720\" height=\"918\" src=\"data:image\/svg+xml;charset=utf-8,%3Csvg xmlns%3D&#039;http%3A%2F%2Fwww.w3.org%2F2000%2Fsvg&#039; viewBox%3D&#039;0 0 720 918&#039;%2F%3E\" class=\"w-100 ld-lazyload wp-post-image\" alt=\"\" itemprop=\"image\" data-src=\"https:\/\/obrumsa.com\/wp-content\/uploads\/2021\/08\/bg-1@2x-11.jpg\" data-srcset=\"https:\/\/obrumsa.com\/wp-content\/uploads\/2021\/08\/bg-1@2x-11.jpg 720w, https:\/\/obrumsa.com\/wp-content\/uploads\/2021\/08\/bg-1@2x-11-235x300.jpg 235w\" data-sizes=\"(max-width: 720px) 100vw, 720px\" data-aspect=\"0.7843137254902\" \/><\/figure>\t\t\t\t<\/figure>\n\t\t\t\t<span class=\"lqd-pf-overlay-bg lqd-overlay d-flex align-items-center justify-content-center\">\n\t\t\t\t<\/span>\n\t\t\t<\/div>\n\n\t\t\t<div class=\"lqd-pf-details\">\n\t\t\t\t<div class=\"d-flex justify-content-between\">\n\t\t\t\t\t\t\t\t\t\t<h2 class=\"lqd-pf-title mt-0 align-items-center\">Abu Dhabi Skyscraper<\/h2>\t\t\t\t\t\t\t\t\t<\/div>\n\t\t\t\t<ul class=\"reset-ul inline-nav lqd-pf-cat d-inline-flex pos-rel z-index-2\"><li><a href=\"https:\/\/obrumsa.com\/es\/portfolio-category\/arquitetura\/\">Arquitetura<\/a><\/li><\/ul>\t\t\t<\/div>\n\n\t\t\t<a href=\"https:\/\/obrumsa.com\/es\/portfolio\/abu-dhabi-skyscraper\/\"  class=\"lqd-overlay lqd-pf-overlay-link lqd-cc-icon-trigger\" ><\/a>\n\t\t<\/div>\n\t<\/article>\n\n<\/div><div class=\"lqd-pf-column col-md-4 col-sm-6 col-xs-12 col-sm-6 col-xs-12 masonry-item arquitetura construcao-civil engenharia lqd-f-8 lqd-f-7 lqd-f-9\">\n\n\t<article id=\"post-345\" class=\"lqd-pf-item lqd-pf-item-style-6 border-radius-6 p-3 pt-4 lqd-pf-dark post-345 liquid-portfolio type-liquid-portfolio status-publish format-standard has-post-thumbnail hentry liquid-portfolio-category-arquitetura liquid-portfolio-category-construcao-civil liquid-portfolio-category-engenharia\">\n\t\t<div class=\"lqd-pf-item-inner\">\n\n\t\t\t<div class=\"lqd-pf-img mb-3 pos-rel border-radius-10 overflow-hidden\">\n\t\t\t\t<figure>\n\t\t\t\t\t<figure class=\"w-100\"><img decoding=\"async\" width=\"720\" height=\"560\" src=\"data:image\/svg+xml;charset=utf-8,%3Csvg xmlns%3D&#039;http%3A%2F%2Fwww.w3.org%2F2000%2Fsvg&#039; viewBox%3D&#039;0 0 720 560&#039;%2F%3E\" class=\"w-100 ld-lazyload wp-post-image\" alt=\"\" itemprop=\"image\" data-src=\"https:\/\/obrumsa.com\/wp-content\/uploads\/2021\/08\/bg-2@2x-11.jpg\" data-srcset=\"https:\/\/obrumsa.com\/wp-content\/uploads\/2021\/08\/bg-2@2x-11.jpg 720w, https:\/\/obrumsa.com\/wp-content\/uploads\/2021\/08\/bg-2@2x-11-300x233.jpg 300w\" data-sizes=\"(max-width: 720px) 100vw, 720px\" data-aspect=\"1.2857142857143\" \/><\/figure>\t\t\t\t<\/figure>\n\t\t\t\t<span class=\"lqd-pf-overlay-bg lqd-overlay d-flex align-items-center justify-content-center\">\n\t\t\t\t<\/span>\n\t\t\t<\/div>\n\n\t\t\t<div class=\"lqd-pf-details\">\n\t\t\t\t<div class=\"d-flex justify-content-between\">\n\t\t\t\t\t\t\t\t\t\t<h2 class=\"lqd-pf-title mt-0 align-items-center\">Personal Villa<\/h2>\t\t\t\t\t\t\t\t\t<\/div>\n\t\t\t\t<ul class=\"reset-ul inline-nav lqd-pf-cat d-inline-flex pos-rel z-index-2\"><li><a href=\"https:\/\/obrumsa.com\/es\/portfolio-category\/arquitetura\/\">Arquitetura<\/a><\/li><\/ul>\t\t\t<\/div>\n\n\t\t\t<a href=\"https:\/\/obrumsa.com\/es\/portfolio\/personal-villa\/\"  class=\"lqd-overlay lqd-pf-overlay-link lqd-cc-icon-trigger\" ><\/a>\n\t\t<\/div>\n\t<\/article>\n\n<\/div><div class=\"lqd-pf-column col-md-4 col-sm-6 col-xs-12 col-sm-6 col-xs-12 masonry-item arquitetura construcao-civil remodelacao lqd-f-8 lqd-f-7 lqd-f-11\">\n\n\t<article id=\"post-336\" class=\"lqd-pf-item lqd-pf-item-style-6 border-radius-6 p-3 pt-4 lqd-pf-dark post-336 liquid-portfolio type-liquid-portfolio status-publish format-standard has-post-thumbnail hentry liquid-portfolio-category-arquitetura liquid-portfolio-category-construcao-civil liquid-portfolio-category-remodelacao\">\n\t\t<div class=\"lqd-pf-item-inner\">\n\n\t\t\t<div class=\"lqd-pf-img mb-3 pos-rel border-radius-10 overflow-hidden\">\n\t\t\t\t<figure>\n\t\t\t\t\t<figure class=\"w-100\"><img loading=\"lazy\" decoding=\"async\" width=\"720\" height=\"908\" src=\"data:image\/svg+xml;charset=utf-8,%3Csvg xmlns%3D&#039;http%3A%2F%2Fwww.w3.org%2F2000%2Fsvg&#039; viewBox%3D&#039;0 0 720 908&#039;%2F%3E\" class=\"w-100 ld-lazyload wp-post-image\" alt=\"\" itemprop=\"image\" data-src=\"https:\/\/obrumsa.com\/wp-content\/uploads\/2021\/08\/bg-3@2x1.jpg\" data-srcset=\"https:\/\/obrumsa.com\/wp-content\/uploads\/2021\/08\/bg-3@2x1.jpg 720w, https:\/\/obrumsa.com\/wp-content\/uploads\/2021\/08\/bg-3@2x1-238x300.jpg 238w\" data-sizes=\"(max-width: 720px) 100vw, 720px\" data-aspect=\"0.79295154185022\" \/><\/figure>\t\t\t\t<\/figure>\n\t\t\t\t<span class=\"lqd-pf-overlay-bg lqd-overlay d-flex align-items-center justify-content-center\">\n\t\t\t\t<\/span>\n\t\t\t<\/div>\n\n\t\t\t<div class=\"lqd-pf-details\">\n\t\t\t\t<div class=\"d-flex justify-content-between\">\n\t\t\t\t\t\t\t\t\t\t<h2 class=\"lqd-pf-title mt-0 align-items-center\">Luxury Villa<\/h2>\t\t\t\t\t\t\t\t\t<\/div>\n\t\t\t\t<ul class=\"reset-ul inline-nav lqd-pf-cat d-inline-flex pos-rel z-index-2\"><li><a href=\"https:\/\/obrumsa.com\/es\/portfolio-category\/arquitetura\/\">Arquitetura<\/a><\/li><\/ul>\t\t\t<\/div>\n\n\t\t\t<a href=\"https:\/\/obrumsa.com\/es\/portfolio\/luxury-villa\/\"  class=\"lqd-overlay lqd-pf-overlay-link lqd-cc-icon-trigger\" ><\/a>\n\t\t<\/div>\n\t<\/article>\n\n<\/div><div class=\"lqd-pf-column col-md-4 col-sm-6 col-xs-12 col-sm-6 col-xs-12 masonry-item arquitetura construcao-civil engenharia remodelacao lqd-f-8 lqd-f-7 lqd-f-9 lqd-f-11\">\n\n\t<article id=\"post-316\" class=\"lqd-pf-item lqd-pf-item-style-6 border-radius-6 p-3 pt-4 lqd-pf-dark post-316 liquid-portfolio type-liquid-portfolio status-publish format-standard has-post-thumbnail hentry liquid-portfolio-category-arquitetura liquid-portfolio-category-construcao-civil liquid-portfolio-category-engenharia liquid-portfolio-category-remodelacao\">\n\t\t<div class=\"lqd-pf-item-inner\">\n\n\t\t\t<div class=\"lqd-pf-img mb-3 pos-rel border-radius-10 overflow-hidden\">\n\t\t\t\t<figure>\n\t\t\t\t\t<figure class=\"w-100\"><img loading=\"lazy\" decoding=\"async\" width=\"720\" height=\"962\" src=\"data:image\/svg+xml;charset=utf-8,%3Csvg xmlns%3D&#039;http%3A%2F%2Fwww.w3.org%2F2000%2Fsvg&#039; viewBox%3D&#039;0 0 720 962&#039;%2F%3E\" class=\"w-100 ld-lazyload wp-post-image\" alt=\"\" itemprop=\"image\" data-src=\"https:\/\/obrumsa.com\/wp-content\/uploads\/2021\/08\/bg-4@2x-11.jpg\" data-srcset=\"https:\/\/obrumsa.com\/wp-content\/uploads\/2021\/08\/bg-4@2x-11.jpg 720w, https:\/\/obrumsa.com\/wp-content\/uploads\/2021\/08\/bg-4@2x-11-225x300.jpg 225w\" data-sizes=\"(max-width: 720px) 100vw, 720px\" data-aspect=\"0.74844074844075\" \/><\/figure>\t\t\t\t<\/figure>\n\t\t\t\t<span class=\"lqd-pf-overlay-bg lqd-overlay d-flex align-items-center justify-content-center\">\n\t\t\t\t<\/span>\n\t\t\t<\/div>\n\n\t\t\t<div class=\"lqd-pf-details\">\n\t\t\t\t<div class=\"d-flex justify-content-between\">\n\t\t\t\t\t\t\t\t\t\t<h2 class=\"lqd-pf-title mt-0 align-items-center\">Interior Design<\/h2>\t\t\t\t\t\t\t\t\t<\/div>\n\t\t\t\t<ul class=\"reset-ul inline-nav lqd-pf-cat d-inline-flex pos-rel z-index-2\"><li><a href=\"https:\/\/obrumsa.com\/es\/portfolio-category\/arquitetura\/\">Arquitetura<\/a><\/li><\/ul>\t\t\t<\/div>\n\n\t\t\t<a href=\"https:\/\/obrumsa.com\/es\/portfolio\/interior-design\/\"  class=\"lqd-overlay lqd-pf-overlay-link lqd-cc-icon-trigger\" ><\/a>\n\t\t<\/div>\n\t<\/article>\n\n<\/div><div class=\"lqd-pf-column col-md-4 col-sm-6 col-xs-12 col-sm-6 col-xs-12 masonry-item arquitetura construcao-civil engenharia remodelacao lqd-f-8 lqd-f-7 lqd-f-9 lqd-f-11\">\n\n\t<article id=\"post-253\" class=\"lqd-pf-item lqd-pf-item-style-6 border-radius-6 p-3 pt-4 lqd-pf-dark post-253 liquid-portfolio type-liquid-portfolio status-publish format-standard has-post-thumbnail hentry liquid-portfolio-category-arquitetura liquid-portfolio-category-construcao-civil liquid-portfolio-category-engenharia liquid-portfolio-category-remodelacao\">\n\t\t<div class=\"lqd-pf-item-inner\">\n\n\t\t\t<div class=\"lqd-pf-img mb-3 pos-rel border-radius-10 overflow-hidden\">\n\t\t\t\t<figure>\n\t\t\t\t\t<figure class=\"w-100\"><img loading=\"lazy\" decoding=\"async\" width=\"720\" height=\"582\" src=\"data:image\/svg+xml;charset=utf-8,%3Csvg xmlns%3D&#039;http%3A%2F%2Fwww.w3.org%2F2000%2Fsvg&#039; viewBox%3D&#039;0 0 720 582&#039;%2F%3E\" class=\"w-100 ld-lazyload wp-post-image\" alt=\"\" itemprop=\"image\" data-src=\"https:\/\/obrumsa.com\/wp-content\/uploads\/2021\/08\/Image@2x-11.jpg\" data-srcset=\"https:\/\/obrumsa.com\/wp-content\/uploads\/2021\/08\/Image@2x-11.jpg 720w, https:\/\/obrumsa.com\/wp-content\/uploads\/2021\/08\/Image@2x-11-300x243.jpg 300w\" data-sizes=\"(max-width: 720px) 100vw, 720px\" data-aspect=\"1.2371134020619\" \/><\/figure>\t\t\t\t<\/figure>\n\t\t\t\t<span class=\"lqd-pf-overlay-bg lqd-overlay d-flex align-items-center justify-content-center\">\n\t\t\t\t<\/span>\n\t\t\t<\/div>\n\n\t\t\t<div class=\"lqd-pf-details\">\n\t\t\t\t<div class=\"d-flex justify-content-between\">\n\t\t\t\t\t\t\t\t\t\t<h2 class=\"lqd-pf-title mt-0 align-items-center\">Minimalism<\/h2>\t\t\t\t\t\t\t\t\t<\/div>\n\t\t\t\t<ul class=\"reset-ul inline-nav lqd-pf-cat d-inline-flex pos-rel z-index-2\"><li><a href=\"https:\/\/obrumsa.com\/es\/portfolio-category\/arquitetura\/\">Arquitetura<\/a><\/li><\/ul>\t\t\t<\/div>\n\n\t\t\t<a href=\"https:\/\/obrumsa.com\/es\/portfolio\/minimalism\/\"  class=\"lqd-overlay lqd-pf-overlay-link lqd-cc-icon-trigger\" ><\/a>\n\t\t<\/div>\n\t<\/article>\n\n<\/div><\/div><\/div>\t\t\t\t<\/div>\n\t\t\t\t<\/div>\n\t\t\t\t\t<\/div>\n\t\t<\/div>\n\t\t\t\t\t<\/div>\n\t\t<\/section>\n\t\t\t\t<section class=\"elementor-section elementor-top-section elementor-element elementor-element-a2b8b95 elementor-section-boxed elementor-section-height-default elementor-section-height-default wpr-particle-no wpr-jarallax-no wpr-parallax-no wpr-sticky-section-no\" data-id=\"a2b8b95\" data-element_type=\"section\" data-e-type=\"section\" data-settings=\"{&quot;background_background&quot;:&quot;classic&quot;}\">\n\t\t\t\t\t\t<div class=\"elementor-container elementor-column-gap-default\">\n\t\t\t\t\t<div class=\"elementor-column elementor-col-100 elementor-top-column elementor-element elementor-element-ed5500b\" data-id=\"ed5500b\" data-element_type=\"column\" data-e-type=\"column\">\n\t\t\t<div class=\"elementor-widget-wrap elementor-element-populated\">\n\t\t\t\t\t\t<div class=\"elementor-element elementor-element-8d2155c elementor-widget elementor-widget-hub_fancy_heading\" data-id=\"8d2155c\" data-element_type=\"widget\" data-e-type=\"widget\" data-widget_type=\"hub_fancy_heading.default\">\n\t\t\t\t<div class=\"elementor-widget-container\">\n\t\t\t\t\t\n\t\t<div id=\"ld-fancy-heading-69e191e6254ff\" class=\"ld-fancy-heading pos-rel\">\n\t\t\t<h2 class=\"ld-fh-element d-inline-block pos-rel  elementor-heading-title lqd-highlight-classic lqd-highlight-grow-left h2\"  > Tem um projeto em mente? <em class=\"h3\">Vamos falar.<\/em><\/h2>\t\t<\/div>\n\n\t\t\t\t\t\t<\/div>\n\t\t\t\t<\/div>\n\t\t\t\t<div class=\"elementor-element elementor-element-f6a2ce0 elementor-widget elementor-widget-ld_button\" data-id=\"f6a2ce0\" data-element_type=\"widget\" data-e-type=\"widget\" data-widget_type=\"ld_button.default\">\n\t\t\t\t<div class=\"elementor-widget-container\">\n\t\t\t\t\t\n\t\t\t<a\n\t\t\t\thref=\"https:\/\/obrumsa.com\/es\/contatos\/\"class=\"elementor-button btn btn-solid btn-xlg btn-icon-shaped btn-has-label\"\t\t\t>\n\t\t\t\t\t\t\t\t\t<span data-text=\"Vamos constru\u00edr o futuro hoje\" class=\"btn-txt\">\n\t\t\t\t\t\tVamos constru\u00edr o futuro hoje\t\t\t\t\t<\/span>\n\t\t\t\t\t\t\t\t\t\t\t<\/a>\n\t\t\t\t\t\t\t<\/div>\n\t\t\t\t<\/div>\n\t\t\t\t\t<\/div>\n\t\t<\/div>\n\t\t\t\t\t<\/div>\n\t\t<\/section>\n\t\t\t\t<\/div>","protected":false},"excerpt":{"rendered":"<p>Projetos Filter by All Arquitetura Constru\u00e7\u00e3o Civil Engenharia Reabilita\u00e7\u00e3o Remodela\u00e7\u00e3o AllArquiteturaConstru\u00e7\u00e3o CivilEngenhariaReabilita\u00e7\u00e3oRemodela\u00e7\u00e3o See more Modern Architecture Constru\u00e7\u00e3o Civil Abu Dhabi Skyscraper Arquitetura Personal Villa Arquitetura Luxury Villa Arquitetura Interior Design Arquitetura Minimalism Arquitetura Tem um projeto em mente? Vamos falar. Vamos constru\u00edr o futuro hoje<\/p>","protected":false},"author":1,"featured_media":0,"parent":0,"menu_order":0,"comment_status":"closed","ping_status":"closed","template":"","meta":{"footnotes":""},"class_list":["post-508","page","type-page","status-publish","hentry"],"aioseo_notices":[],"_links":{"self":[{"href":"https:\/\/obrumsa.com\/es\/wp-json\/wp\/v2\/pages\/508","targetHints":{"allow":["GET"]}}],"collection":[{"href":"https:\/\/obrumsa.com\/es\/wp-json\/wp\/v2\/pages"}],"about":[{"href":"https:\/\/obrumsa.com\/es\/wp-json\/wp\/v2\/types\/page"}],"author":[{"embeddable":true,"href":"https:\/\/obrumsa.com\/es\/wp-json\/wp\/v2\/users\/1"}],"replies":[{"embeddable":true,"href":"https:\/\/obrumsa.com\/es\/wp-json\/wp\/v2\/comments?post=508"}],"version-history":[{"count":10,"href":"https:\/\/obrumsa.com\/es\/wp-json\/wp\/v2\/pages\/508\/revisions"}],"predecessor-version":[{"id":2355,"href":"https:\/\/obrumsa.com\/es\/wp-json\/wp\/v2\/pages\/508\/revisions\/2355"}],"wp:attachment":[{"href":"https:\/\/obrumsa.com\/es\/wp-json\/wp\/v2\/media?parent=508"}],"curies":[{"name":"wp","href":"https:\/\/api.w.org\/{rel}","templated":true}]}}